{"id":9,"date":"2017-04-26T07:55:31","date_gmt":"2017-04-26T05:55:31","guid":{"rendered":"http:\/\/localhost\/bandoneon\/?page_id=9"},"modified":"2017-06-19T11:09:28","modified_gmt":"2017-06-19T09:09:28","slug":"instrumentenpflege","status":"publish","type":"page","link":"https:\/\/harmonicalibrary.de\/bandoneon\/?page_id=9","title":{"rendered":"Bewertung und Pflege"},"content":{"rendered":"<div id=\"pl-9\"  class=\"panel-layout\" ><div id=\"pg-9-0\"  class=\"panel-grid panel-no-style\" ><div id=\"pgc-9-0-0\"  class=\"panel-grid-cell\" ><div id=\"panel-9-0-0-0\" class=\"so-panel widget widget_sow-editor panel-first-child panel-last-child\" data-index=\"0\" ><div\n\t\t\t\n\t\t\tclass=\"so-widget-sow-editor so-widget-sow-editor-base\"\n\t\t\t\n\t\t>\n<div class=\"siteorigin-widget-tinymce textwidget\">\n\t<p>Fr\u00fcher waren Bandoneons weit verbreitet und wurden in gro\u00dfen St\u00fcckzahlen hergestellt. Die Firma Alfred Arnold aus Carlsfeld im Erzgebirge z.B. hat 1933 mit ca. 100 Mitarbeitern monatlich 600 Bandoneons produziert.\u00a0Heute gibt es nur eine \u00fcberschaubare Anzahl von Herstellern, die neue Bandoneons bauen.\u00a0Das bedeutet, dass viele der Bandoneons mittlerweile \u00fcber 80 Jahre alt sind.<\/p>\n<p>Hier erfahren Sie, wie Sie den Allgemeinzustand Ihres Instrumentes bewerten k\u00f6nnen und was Sie f\u00fcr die Pflege und den Erhalt des Instrumentes tun k\u00f6nnen.<\/p>\n<\/div>\n<\/div><\/div><\/div><\/div><div id=\"pg-9-1\"  class=\"panel-grid panel-no-style\" ><div id=\"pgc-9-1-0\"  class=\"panel-grid-cell\" ><div id=\"panel-9-1-0-0\" class=\"so-panel widget widget_sow-headline panel-first-child\" data-index=\"1\" ><div\n\t\t\t\n\t\t\tclass=\"so-widget-sow-headline so-widget-sow-headline-default-eb58c90b4a68-9\"\n\t\t\t\n\t\t><div class=\"sow-headline-container \">\n\t<h2 class='sow-headline'>Bewertung<\/h2>\t\t\t\t\t<div class=\"decoration\">\n\t\t\t\t\t\t<div class=\"decoration-inside\"><\/div>\n\t\t\t\t\t<\/div>\n\t\t\t\t\t<\/div><\/div><\/div><div id=\"panel-9-1-0-1\" class=\"so-panel widget widget_sow-image panel-last-child\" data-index=\"2\" ><div\n\t\t\t\n\t\t\tclass=\"so-widget-sow-image so-widget-sow-image-default-17bc2272b535-9\"\n\t\t\t\n\t\t>\n\n<div class=\"sow-image-container\">\n\t\t\t<a href=\"https:\/\/harmonicalibrary.de\/bandoneon\/?page_id=1319\"\n\t\t\t\t\t>\n\t\t\t<img src=\"https:\/\/harmonicalibrary.de\/bandoneon\/wp-content\/uploads\/2017\/04\/bando_klein_defekt_klein.png\" width=\"1024\" height=\"778\" srcset=\"https:\/\/harmonicalibrary.de\/bandoneon\/wp-content\/uploads\/2017\/04\/bando_klein_defekt_klein.png 1024w, https:\/\/harmonicalibrary.de\/bandoneon\/wp-content\/uploads\/2017\/04\/bando_klein_defekt_klein-300x228.png 300w, https:\/\/harmonicalibrary.de\/bandoneon\/wp-content\/uploads\/2017\/04\/bando_klein_defekt_klein-768x584.png 768w, https:\/\/harmonicalibrary.de\/bandoneon\/wp-content\/uploads\/2017\/04\/bando_klein_defekt_klein-355x270.png 355w\" sizes=\"(max-width: 1024px) 100vw, 1024px\" alt=\"defektes Bandoneon\" loading=\"lazy\" \t\tclass=\"so-widget-image\"\/>\n\t<\/a><\/div>\n\n<\/div><\/div><\/div><div id=\"pgc-9-1-1\"  class=\"panel-grid-cell\" ><div id=\"panel-9-1-1-0\" class=\"so-panel widget widget_sow-headline panel-first-child\" data-index=\"3\" ><div\n\t\t\t\n\t\t\tclass=\"so-widget-sow-headline so-widget-sow-headline-default-eb58c90b4a68-9\"\n\t\t\t\n\t\t><div class=\"sow-headline-container \">\n\t<h2 class='sow-headline'>Pflege<\/h2>\t\t\t\t\t<div class=\"decoration\">\n\t\t\t\t\t\t<div class=\"decoration-inside\"><\/div>\n\t\t\t\t\t<\/div>\n\t\t\t\t\t<\/div><\/div><\/div><div id=\"panel-9-1-1-1\" class=\"so-panel widget widget_sow-image panel-last-child\" data-index=\"4\" ><div\n\t\t\t\n\t\t\tclass=\"so-widget-sow-image so-widget-sow-image-default-17bc2272b535-9\"\n\t\t\t\n\t\t>\n\n<div class=\"sow-image-container\">\n\t\t<img src=\"https:\/\/harmonicalibrary.de\/bandoneon\/wp-content\/uploads\/2017\/04\/Kuck_bando_klein.png\" width=\"1024\" height=\"768\" srcset=\"https:\/\/harmonicalibrary.de\/bandoneon\/wp-content\/uploads\/2017\/04\/Kuck_bando_klein.png 1024w, https:\/\/harmonicalibrary.de\/bandoneon\/wp-content\/uploads\/2017\/04\/Kuck_bando_klein-300x225.png 300w, https:\/\/harmonicalibrary.de\/bandoneon\/wp-content\/uploads\/2017\/04\/Kuck_bando_klein-768x576.png 768w, https:\/\/harmonicalibrary.de\/bandoneon\/wp-content\/uploads\/2017\/04\/Kuck_bando_klein-360x270.png 360w\" sizes=\"(max-width: 1024px) 100vw, 1024px\" alt=\"defektes Bandoneon\" loading=\"lazy\" \t\tclass=\"so-widget-image\"\/>\n\t<\/div>\n\n<\/div><\/div><\/div><\/div><\/div>","protected":false},"excerpt":{"rendered":"<p>Fr\u00fcher waren Bandoneons weit verbreitet und wurden in gro\u00dfen St\u00fcckzahlen hergestellt. Die Firma Alfred Arnold aus Carlsfeld im Erzgebirge z.B. hat 1933 mit ca. 100 Mitarbeitern monatlich 600 Bandoneons produziert.\u00a0Heute gibt es nur eine \u00fcberschaubare Anzahl von Herstellern, die neue Bandoneons bauen.\u00a0Das bedeutet, dass viele der Bandoneons mittlerweile \u00fcber 80 Jahre alt sind.Hier erfahren Sie, &hellip; <\/p>\n<p class=\"read-more\"><a class=\"btn btn-default\" href=\"https:\/\/harmonicalibrary.de\/bandoneon\/?page_id=9\"> Read More<span class=\"screen-reader-text\">  Read More<\/span><\/a><\/p>\n","protected":false},"author":1,"featured_media":0,"parent":5,"menu_order":2,"comment_status":"closed","ping_status":"closed","template":"","meta":[],"aioseo_notices":[],"_links":{"self":[{"href":"https:\/\/harmonicalibrary.de\/bandoneon\/index.php?rest_route=\/wp\/v2\/pages\/9"}],"collection":[{"href":"https:\/\/harmonicalibrary.de\/bandoneon\/index.php?rest_route=\/wp\/v2\/pages"}],"about":[{"href":"https:\/\/harmonicalibrary.de\/bandoneon\/index.php?rest_route=\/wp\/v2\/types\/page"}],"author":[{"embeddable":true,"href":"https:\/\/harmonicalibrary.de\/bandoneon\/index.php?rest_route=\/wp\/v2\/users\/1"}],"replies":[{"embeddable":true,"href":"https:\/\/harmonicalibrary.de\/bandoneon\/index.php?rest_route=%2Fwp%2Fv2%2Fcomments&post=9"}],"version-history":[{"count":41,"href":"https:\/\/harmonicalibrary.de\/bandoneon\/index.php?rest_route=\/wp\/v2\/pages\/9\/revisions"}],"predecessor-version":[{"id":1323,"href":"https:\/\/harmonicalibrary.de\/bandoneon\/index.php?rest_route=\/wp\/v2\/pages\/9\/revisions\/1323"}],"up":[{"embeddable":true,"href":"https:\/\/harmonicalibrary.de\/bandoneon\/index.php?rest_route=\/wp\/v2\/pages\/5"}],"wp:attachment":[{"href":"https:\/\/harmonicalibrary.de\/bandoneon\/index.php?rest_route=%2Fwp%2Fv2%2Fmedia&parent=9"}],"curies":[{"name":"wp","href":"https:\/\/api.w.org\/{rel}","templated":true}]}}