{"id":7,"date":"2017-04-26T07:55:06","date_gmt":"2017-04-26T05:55:06","guid":{"rendered":"http:\/\/localhost\/bandoneon\/?page_id=7"},"modified":"2017-07-26T07:37:16","modified_gmt":"2017-07-26T05:37:16","slug":"instrumentenkategorie","status":"publish","type":"page","link":"https:\/\/harmonicalibrary.de\/bandoneon\/?page_id=7","title":{"rendered":"Kategorisierung"},"content":{"rendered":"<div id=\"pl-7\"  class=\"panel-layout\" ><div id=\"pg-7-0\"  class=\"panel-grid panel-no-style\" ><div id=\"pgc-7-0-0\"  class=\"panel-grid-cell\" ><div id=\"panel-7-0-0-0\" class=\"so-panel widget widget_sow-editor panel-first-child panel-last-child\" data-index=\"0\" ><div\n\t\t\t\n\t\t\tclass=\"so-widget-sow-editor so-widget-sow-editor-base\"\n\t\t\t\n\t\t>\n<div class=\"siteorigin-widget-tinymce textwidget\">\n\t<p>Handzuginstrumente zeichnen sich dadurch aus, dass sie im Prinzip aus drei Teilen bestehen:<\/p>\n<p style=\"padding-left: 30px;\">- der Bass-Seite, die mit der linken Hand gespielt wird,<br \/>- der Diskant-Seite, die mit der rechten Hand gespielt wird und<br \/>- dem Balg, der beide miteinander verbindet und f\u00fcr die Luftversorgung zust\u00e4ndig ist.<\/p>\n<p>Es gibt unz\u00e4hlige Arten von Handzuginstrumenten. Sollten Sie genau Ihr Instrument in dieser Kategorisierung nicht finden, (z.B. mit der Tastenanordnung oder auch der Form), so ist das nicht wirklich verwunderlich. Dennoch hoffen wir, dass Sie einen \u00dcberblick erhalten und Ihnen dieser bei der Diskussion mit einem Fachmann weiterhilft.<\/p>\n<p>W\u00e4hlen Sie aus, ob bei Ihrem Instrument die Tasten oder Kn\u00f6pfe nach vorne zeigen oder auf der Seite liegen, indem Sie das entsprechende Bild anklicken:<\/p>\n<\/div>\n<\/div><\/div><\/div><\/div><div id=\"pg-7-1\"  class=\"panel-grid panel-no-style\" ><div id=\"pgc-7-1-0\"  class=\"panel-grid-cell\" ><div id=\"panel-7-1-0-0\" class=\"so-panel widget widget_sow-headline panel-first-child\" data-index=\"1\" ><div\n\t\t\t\n\t\t\tclass=\"so-widget-sow-headline so-widget-sow-headline-default-eb58c90b4a68-7\"\n\t\t\t\n\t\t><div class=\"sow-headline-container \">\n\t<h2 class='sow-headline'>Kn\u00f6pfe\/Tasten nach vorne<\/h2>\t\t\t\t\t<div class=\"decoration\">\n\t\t\t\t\t\t<div class=\"decoration-inside\"><\/div>\n\t\t\t\t\t<\/div>\n\t\t\t\t\t<\/div><\/div><\/div><div id=\"panel-7-1-0-1\" class=\"so-panel widget widget_sow-image\" data-index=\"2\" ><div\n\t\t\t\n\t\t\tclass=\"so-widget-sow-image so-widget-sow-image-default-4b231843ec72-7\"\n\t\t\t\n\t\t>\n\n<div class=\"sow-image-container\">\n\t\t\t<a href=\"https:\/\/harmonicalibrary.de\/bandoneon\/?page_id=1211\"\n\t\t\t\t\t>\n\t\t\t<img src=\"https:\/\/harmonicalibrary.de\/bandoneon\/wp-content\/uploads\/2017\/04\/KnV.png\" width=\"482\" height=\"346\" srcset=\"https:\/\/harmonicalibrary.de\/bandoneon\/wp-content\/uploads\/2017\/04\/KnV.png 482w, https:\/\/harmonicalibrary.de\/bandoneon\/wp-content\/uploads\/2017\/04\/KnV-300x215.png 300w, https:\/\/harmonicalibrary.de\/bandoneon\/wp-content\/uploads\/2017\/04\/KnV-376x270.png 376w\" sizes=\"(max-width: 482px) 100vw, 482px\" alt=\"Tasten nach vorne \" loading=\"lazy\" \t\tclass=\"so-widget-image\"\/>\n\t<\/a><\/div>\n\n<\/div><\/div><div id=\"panel-7-1-0-2\" class=\"so-panel widget widget_sow-editor panel-last-child\" data-index=\"3\" ><div\n\t\t\t\n\t\t\tclass=\"so-widget-sow-editor so-widget-sow-editor-base\"\n\t\t\t\n\t\t>\n<div class=\"siteorigin-widget-tinymce textwidget\">\n\t<p style=\"text-align: center;\"><a href=\"https:\/\/harmonicalibrary.de\/bandoneon\/?page_id=1211\">Ausw\u00e4hlen<\/a><\/p>\n<\/div>\n<\/div><\/div><\/div><div id=\"pgc-7-1-1\"  class=\"panel-grid-cell\" ><div id=\"panel-7-1-1-0\" class=\"so-panel widget widget_sow-headline panel-first-child\" data-index=\"4\" ><div\n\t\t\t\n\t\t\tclass=\"so-widget-sow-headline so-widget-sow-headline-default-eb58c90b4a68-7\"\n\t\t\t\n\t\t><div class=\"sow-headline-container \">\n\t<h2 class='sow-headline'>Kn\u00f6pfe an der Seite<\/h2>\t\t\t\t\t<div class=\"decoration\">\n\t\t\t\t\t\t<div class=\"decoration-inside\"><\/div>\n\t\t\t\t\t<\/div>\n\t\t\t\t\t<\/div><\/div><\/div><div id=\"panel-7-1-1-1\" class=\"so-panel widget widget_sow-image\" data-index=\"5\" ><div\n\t\t\t\n\t\t\tclass=\"so-widget-sow-image so-widget-sow-image-default-4b231843ec72-7\"\n\t\t\t\n\t\t>\n<h3 class=\"widget-title\"><\/h3>\n<div class=\"sow-image-container\">\n\t\t\t<a href=\"https:\/\/harmonicalibrary.de\/bandoneon\/?page_id=764\"\n\t\t\t\t\t>\n\t\t\t<img src=\"https:\/\/harmonicalibrary.de\/bandoneon\/wp-content\/uploads\/2017\/04\/Bandon.png\" width=\"482\" height=\"346\" srcset=\"https:\/\/harmonicalibrary.de\/bandoneon\/wp-content\/uploads\/2017\/04\/Bandon.png 482w, https:\/\/harmonicalibrary.de\/bandoneon\/wp-content\/uploads\/2017\/04\/Bandon-300x215.png 300w, https:\/\/harmonicalibrary.de\/bandoneon\/wp-content\/uploads\/2017\/04\/Bandon-376x270.png 376w\" sizes=\"(max-width: 482px) 100vw, 482px\" alt=\"\" loading=\"lazy\" \t\tclass=\"so-widget-image\"\/>\n\t<\/a><\/div>\n\n<\/div><\/div><div id=\"panel-7-1-1-2\" class=\"so-panel widget widget_sow-editor panel-last-child\" data-index=\"6\" ><div\n\t\t\t\n\t\t\tclass=\"so-widget-sow-editor so-widget-sow-editor-base\"\n\t\t\t\n\t\t>\n<div class=\"siteorigin-widget-tinymce textwidget\">\n\t<p style=\"text-align: center;\"><a href=\"https:\/\/harmonicalibrary.de\/bandoneon\/?page_id=764\">Ausw\u00e4hlen<\/a><\/p>\n<\/div>\n<\/div><\/div><\/div><\/div><\/div>","protected":false},"excerpt":{"rendered":"<p>Handzuginstrumente zeichnen sich dadurch aus, dass sie im Prinzip aus drei Teilen bestehen:- der Bass-Seite, die mit der linken Hand gespielt wird,- der Diskant-Seite, die mit der rechten Hand gespielt wird und- dem Balg, der beide miteinander verbindet und f\u00fcr die Luftversorgung zust\u00e4ndig ist.Es gibt unz\u00e4hlige Arten von Handzuginstrumenten. Sollten Sie genau Ihr Instrument in &hellip; <\/p>\n<p class=\"read-more\"><a class=\"btn btn-default\" href=\"https:\/\/harmonicalibrary.de\/bandoneon\/?page_id=7\"> Read More<span class=\"screen-reader-text\">  Read More<\/span><\/a><\/p>\n","protected":false},"author":2,"featured_media":0,"parent":5,"menu_order":3,"comment_status":"closed","ping_status":"closed","template":"","meta":[],"aioseo_notices":[],"_links":{"self":[{"href":"https:\/\/harmonicalibrary.de\/bandoneon\/index.php?rest_route=\/wp\/v2\/pages\/7"}],"collection":[{"href":"https:\/\/harmonicalibrary.de\/bandoneon\/index.php?rest_route=\/wp\/v2\/pages"}],"about":[{"href":"https:\/\/harmonicalibrary.de\/bandoneon\/index.php?rest_route=\/wp\/v2\/types\/page"}],"author":[{"embeddable":true,"href":"https:\/\/harmonicalibrary.de\/bandoneon\/index.php?rest_route=\/wp\/v2\/users\/2"}],"replies":[{"embeddable":true,"href":"https:\/\/harmonicalibrary.de\/bandoneon\/index.php?rest_route=%2Fwp%2Fv2%2Fcomments&post=7"}],"version-history":[{"count":171,"href":"https:\/\/harmonicalibrary.de\/bandoneon\/index.php?rest_route=\/wp\/v2\/pages\/7\/revisions"}],"predecessor-version":[{"id":1717,"href":"https:\/\/harmonicalibrary.de\/bandoneon\/index.php?rest_route=\/wp\/v2\/pages\/7\/revisions\/1717"}],"up":[{"embeddable":true,"href":"https:\/\/harmonicalibrary.de\/bandoneon\/index.php?rest_route=\/wp\/v2\/pages\/5"}],"wp:attachment":[{"href":"https:\/\/harmonicalibrary.de\/bandoneon\/index.php?rest_route=%2Fwp%2Fv2%2Fmedia&parent=7"}],"curies":[{"name":"wp","href":"https:\/\/api.w.org\/{rel}","templated":true}]}}