{"id":5,"date":"2017-04-26T07:54:40","date_gmt":"2017-04-26T05:54:40","guid":{"rendered":"http:\/\/localhost\/bandoneon\/?page_id=5"},"modified":"2018-04-17T16:18:31","modified_gmt":"2018-04-17T14:18:31","slug":"httplocalhost8888wordpresscustomize_changeset_uuidb9f8dcbe-2f82-4f44-999b-ab4c4e8fd692customize_messenger_channelpreview-4","status":"publish","type":"page","link":"https:\/\/harmonicalibrary.de\/bandoneon\/","title":{"rendered":"Start"},"content":{"rendered":"<div id=\"pl-5\"  class=\"panel-layout\" ><div id=\"pg-5-0\"  class=\"panel-grid panel-no-style\" ><div id=\"pgc-5-0-0\"  class=\"panel-grid-cell\" ><div id=\"panel-5-0-0-0\" class=\"so-panel widget widget_sow-editor panel-first-child panel-last-child\" data-index=\"0\" ><div\n\t\t\t\n\t\t\tclass=\"so-widget-sow-editor so-widget-sow-editor-base\"\n\t\t\t\n\t\t>\n<div class=\"siteorigin-widget-tinymce textwidget\">\n\t<p><img loading=\"lazy\" class=\"size-medium wp-image-1390 alignleft\" src=\"https:\/\/harmonicalibrary.de\/bandoneon\/wp-content\/uploads\/2017\/04\/ELA_Bandoneon_klein-300x225.png\" alt=\"\" width=\"300\" height=\"225\" srcset=\"https:\/\/harmonicalibrary.de\/bandoneon\/wp-content\/uploads\/2017\/04\/ELA_Bandoneon_klein-300x225.png 300w, https:\/\/harmonicalibrary.de\/bandoneon\/wp-content\/uploads\/2017\/04\/ELA_Bandoneon_klein-768x577.png 768w, https:\/\/harmonicalibrary.de\/bandoneon\/wp-content\/uploads\/2017\/04\/ELA_Bandoneon_klein.png 1024w, https:\/\/harmonicalibrary.de\/bandoneon\/wp-content\/uploads\/2017\/04\/ELA_Bandoneon_klein-360x270.png 360w\" sizes=\"(max-width: 300px) 100vw, 300px\" \/>Diese Webseite bietet einen Einstieg in die Welt des Bandoneons. Das Instrument wird - vor allem in Deutschland - auch Bandonion genannt, die S\u00fcdamerikaner, insbesondere nat\u00fcrlich die Argentinier und die Uruguayer, nennen es Bandone\u00f3n.<\/p>\n<p>Fr\u00fcher war das Bandoneon ein weit verbreitetes Instrument in Deutschland. So gab es vor dem zweiten Weltkrieg mehr Menschen in Deutschland, die in einem Bandoneonverein spielten, als in einem Fussballverein. Nach dem zweiten Weltkrieg verloren die Deutschen jedoch das Interesse an diesem Instrument und nur noch wenige spielten es. Entsprechend brach die Produktion zusammen und in den 1960er Jahren wurden in Deutschland die letzten Bandoneons gebaut.<\/p>\n<p>Da das Bandoneon aber durch seinen speziellen Klang ein wichtiges - wenn nicht das wichtigste - Instrument beim Tango Argentino wurde, hat es die Jahre \u00fcberlebt und allm\u00e4hlich wieder Freunde auch in Deutschland gefunden. Mittlerweile gibt es auch wieder verschiedene Hersteller, die Bandoneons nicht nur reparieren, sondern auch neue Bandoneons bauen.<\/p>\n<\/div>\n<\/div><\/div><\/div><\/div><div id=\"pg-5-1\"  class=\"panel-grid panel-no-style\" ><div id=\"pgc-5-1-0\"  class=\"panel-grid-cell\" ><div id=\"panel-5-1-0-0\" class=\"so-panel widget widget_sow-headline panel-first-child\" data-index=\"1\" ><div\n\t\t\t\n\t\t\tclass=\"so-widget-sow-headline so-widget-sow-headline-default-eb58c90b4a68-5\"\n\t\t\t\n\t\t><div class=\"sow-headline-container \">\n\t<h2 class='sow-headline'>Spielen lernen<\/h2>\t\t\t\t\t<div class=\"decoration\">\n\t\t\t\t\t\t<div class=\"decoration-inside\"><\/div>\n\t\t\t\t\t<\/div>\n\t\t\t\t\t<\/div><\/div><\/div><div id=\"panel-5-1-0-1\" class=\"so-panel widget widget_sow-image\" data-index=\"2\" ><div\n\t\t\t\n\t\t\tclass=\"so-widget-sow-image so-widget-sow-image-default-4b231843ec72-5\"\n\t\t\t\n\t\t>\n\n<div class=\"sow-image-container\">\n\t\t\t<a href=\"https:\/\/harmonicalibrary.de\/bandoneon\/?page_id=11\"\n\t\t\t\t\t>\n\t\t\t<img src=\"https:\/\/harmonicalibrary.de\/bandoneon\/wp-content\/uploads\/2017\/04\/carlsfelder.png\" width=\"1479\" height=\"1110\" srcset=\"https:\/\/harmonicalibrary.de\/bandoneon\/wp-content\/uploads\/2017\/04\/carlsfelder.png 1479w, https:\/\/harmonicalibrary.de\/bandoneon\/wp-content\/uploads\/2017\/04\/carlsfelder-300x225.png 300w, https:\/\/harmonicalibrary.de\/bandoneon\/wp-content\/uploads\/2017\/04\/carlsfelder-768x576.png 768w, https:\/\/harmonicalibrary.de\/bandoneon\/wp-content\/uploads\/2017\/04\/carlsfelder-1024x769.png 1024w, https:\/\/harmonicalibrary.de\/bandoneon\/wp-content\/uploads\/2017\/04\/carlsfelder-360x270.png 360w\" sizes=\"(max-width: 1479px) 100vw, 1479px\" alt=\"\" loading=\"lazy\" \t\tclass=\"so-widget-image\"\/>\n\t<\/a><\/div>\n\n<\/div><\/div><div id=\"panel-5-1-0-2\" class=\"so-panel widget widget_sow-editor panel-last-child\" data-index=\"3\" ><div\n\t\t\t\n\t\t\tclass=\"so-widget-sow-editor so-widget-sow-editor-base\"\n\t\t\t\n\t\t>\n<div class=\"siteorigin-widget-tinymce textwidget\">\n\t<p>Das Bandoneon ist ein Instrument, welches nicht ganz einfach zu spielen ist. Die Tasten sind an der Seite und man kann sie beim Spielen nicht sehen. Die Anordnung der Tasten gehorcht keinem \u00fcbergeordneten Prinzip wie bei einem Akkordeon, auf der Bass-Seite kann (und muss) man sich die Akkorde mit mehreren Tasten selbst zusammenstellen. Und zu alle dem kommen auf Zug und Druck unterschiedliche T\u00f6ne.<\/p>\n<p>Dennoch hat das Spielen auf dem Bandoneon seinen eigenen Reiz und je mehr man mit dem Spielen vertraut wird, desto mehr erscheint auch die Tastenanordnung Sinn zu ergeben. Am faszinierendsten ist aber die M\u00f6glichkeit, mit dem Instrument der Musik Ausdruck zu geben.<\/p>\n<p>Wir wollen Ihnen hier einen einfachen Einstieg in das Bandoneon-Spiel zeigen.<br \/><a href=\"https:\/\/harmonicalibrary.de\/bandoneon\/?page_id=11\">Weiter...<\/a><\/p>\n<\/div>\n<\/div><\/div><\/div><div id=\"pgc-5-1-1\"  class=\"panel-grid-cell\" ><div id=\"panel-5-1-1-0\" class=\"so-panel widget widget_sow-headline panel-first-child\" data-index=\"4\" ><div\n\t\t\t\n\t\t\tclass=\"so-widget-sow-headline so-widget-sow-headline-default-eb58c90b4a68-5\"\n\t\t\t\n\t\t><div class=\"sow-headline-container \">\n\t<h2 class='sow-headline'>Bewertung und Pflege<\/h2>\t\t\t\t\t<div class=\"decoration\">\n\t\t\t\t\t\t<div class=\"decoration-inside\"><\/div>\n\t\t\t\t\t<\/div>\n\t\t\t\t\t<\/div><\/div><\/div><div id=\"panel-5-1-1-1\" class=\"so-panel widget widget_sow-image\" data-index=\"5\" ><div\n\t\t\t\n\t\t\tclass=\"so-widget-sow-image so-widget-sow-image-default-4b231843ec72-5\"\n\t\t\t\n\t\t>\n\n<div class=\"sow-image-container\">\n\t\t\t<a href=\"https:\/\/harmonicalibrary.de\/bandoneon\/?page_id=9\"\n\t\t\t\t\t>\n\t\t\t<img src=\"https:\/\/harmonicalibrary.de\/bandoneon\/wp-content\/uploads\/2017\/04\/pflege_neu_klein.png\" width=\"1024\" height=\"768\" srcset=\"https:\/\/harmonicalibrary.de\/bandoneon\/wp-content\/uploads\/2017\/04\/pflege_neu_klein.png 1024w, https:\/\/harmonicalibrary.de\/bandoneon\/wp-content\/uploads\/2017\/04\/pflege_neu_klein-300x225.png 300w, https:\/\/harmonicalibrary.de\/bandoneon\/wp-content\/uploads\/2017\/04\/pflege_neu_klein-768x576.png 768w, https:\/\/harmonicalibrary.de\/bandoneon\/wp-content\/uploads\/2017\/04\/pflege_neu_klein-360x270.png 360w\" sizes=\"(max-width: 1024px) 100vw, 1024px\" alt=\"\" loading=\"lazy\" \t\tclass=\"so-widget-image\"\/>\n\t<\/a><\/div>\n\n<\/div><\/div><div id=\"panel-5-1-1-2\" class=\"so-panel widget widget_sow-editor panel-last-child\" data-index=\"6\" ><div\n\t\t\t\n\t\t\tclass=\"so-widget-sow-editor so-widget-sow-editor-base\"\n\t\t\t\n\t\t>\n<div class=\"siteorigin-widget-tinymce textwidget\">\n\t<p>Sie haben ein Bandoneon und kennen sich damit nicht aus. Es ist dann schwierig, etwas \u00fcber den Zustand des Instrumentes auszusagen. Wir wollen Ihnen hier helfen, einige grundlegende Aspekte selbst untersuchen zu k\u00f6nnen. Danach k\u00f6nnen Sie besser beurteilen, ob Ihr Instrument in einem guten oder eher schlechten Zustand ist.<\/p>\n<p>Wie kann man den Wert seines Instrumentes bewahren? Was ist die geeignete Pflege f\u00fcr diese wundersch\u00f6nen Instrumente?<br \/><a href=\"https:\/\/harmonicalibrary.de\/bandoneon\/?page_id=9\">Weiter...<\/a><\/p>\n<\/div>\n<\/div><\/div><\/div><\/div><div id=\"pg-5-2\"  class=\"panel-grid panel-no-style\" ><div id=\"pgc-5-2-0\"  class=\"panel-grid-cell\" ><div id=\"panel-5-2-0-0\" class=\"so-panel widget widget_sow-headline panel-first-child\" data-index=\"7\" ><div\n\t\t\t\n\t\t\tclass=\"so-widget-sow-headline so-widget-sow-headline-default-eb58c90b4a68-5\"\n\t\t\t\n\t\t><div class=\"sow-headline-container \">\n\t<h2 class='sow-headline'>Kategorisierung<\/h2>\t\t\t\t\t<div class=\"decoration\">\n\t\t\t\t\t\t<div class=\"decoration-inside\"><\/div>\n\t\t\t\t\t<\/div>\n\t\t\t\t\t<\/div><\/div><\/div><div id=\"panel-5-2-0-1\" class=\"so-panel widget widget_sow-image\" data-index=\"8\" ><div\n\t\t\t\n\t\t\tclass=\"so-widget-sow-image so-widget-sow-image-default-4b231843ec72-5\"\n\t\t\t\n\t\t>\n\n<div class=\"sow-image-container\">\n\t\t\t<a href=\"https:\/\/harmonicalibrary.de\/bandoneon\/?page_id=7\"\n\t\t\t\t\t>\n\t\t\t<img src=\"https:\/\/harmonicalibrary.de\/bandoneon\/wp-content\/uploads\/2017\/06\/verschiedene_Instrumente_klein.png\" width=\"1024\" height=\"768\" srcset=\"https:\/\/harmonicalibrary.de\/bandoneon\/wp-content\/uploads\/2017\/06\/verschiedene_Instrumente_klein.png 1024w, https:\/\/harmonicalibrary.de\/bandoneon\/wp-content\/uploads\/2017\/06\/verschiedene_Instrumente_klein-300x225.png 300w, https:\/\/harmonicalibrary.de\/bandoneon\/wp-content\/uploads\/2017\/06\/verschiedene_Instrumente_klein-768x576.png 768w, https:\/\/harmonicalibrary.de\/bandoneon\/wp-content\/uploads\/2017\/06\/verschiedene_Instrumente_klein-360x270.png 360w\" sizes=\"(max-width: 1024px) 100vw, 1024px\" alt=\"\" loading=\"lazy\" \t\tclass=\"so-widget-image\"\/>\n\t<\/a><\/div>\n\n<\/div><\/div><div id=\"panel-5-2-0-2\" class=\"so-panel widget widget_sow-editor panel-last-child\" data-index=\"9\" ><div\n\t\t\t\n\t\t\tclass=\"so-widget-sow-editor so-widget-sow-editor-base\"\n\t\t\t\n\t\t>\n<div class=\"siteorigin-widget-tinymce textwidget\">\n\t<p>Sie haben ein Handzuginstrument und glauben, dass es sich um ein Bandoneon handelt. Vielleicht ist es aber auch eine Konzertina oder eine Bandonika.<\/p>\n<p>Hier helfen wir Ihnen, herauszufinden, um was f\u00fcr ein Instrument es sich handelt.<br \/><a href=\"https:\/\/harmonicalibrary.de\/bandoneon\/?page_id=7\">Weiter...<\/a><\/p>\n<\/div>\n<\/div><\/div><\/div><div id=\"pgc-5-2-1\"  class=\"panel-grid-cell\" ><div id=\"panel-5-2-1-0\" class=\"so-panel widget widget_sow-headline panel-first-child\" data-index=\"10\" ><div\n\t\t\t\n\t\t\tclass=\"so-widget-sow-headline so-widget-sow-headline-default-eb58c90b4a68-5\"\n\t\t\t\n\t\t><div class=\"sow-headline-container \">\n\t<h2 class='sow-headline'>Weitere Informationen<\/h2>\t\t\t\t\t<div class=\"decoration\">\n\t\t\t\t\t\t<div class=\"decoration-inside\"><\/div>\n\t\t\t\t\t<\/div>\n\t\t\t\t\t<\/div><\/div><\/div><div id=\"panel-5-2-1-1\" class=\"so-panel widget widget_sow-image\" data-index=\"11\" ><div\n\t\t\t\n\t\t\tclass=\"so-widget-sow-image so-widget-sow-image-default-4b231843ec72-5\"\n\t\t\t\n\t\t>\n\n<div class=\"sow-image-container\">\n\t\t\t<a href=\"https:\/\/harmonicalibrary.de\/bandoneon\/?page_id=1157\"\n\t\t\t\t\t>\n\t\t\t<img src=\"https:\/\/harmonicalibrary.de\/bandoneon\/wp-content\/uploads\/2017\/04\/Schulen_klein.png\" width=\"1024\" height=\"768\" srcset=\"https:\/\/harmonicalibrary.de\/bandoneon\/wp-content\/uploads\/2017\/04\/Schulen_klein.png 1024w, https:\/\/harmonicalibrary.de\/bandoneon\/wp-content\/uploads\/2017\/04\/Schulen_klein-300x225.png 300w, https:\/\/harmonicalibrary.de\/bandoneon\/wp-content\/uploads\/2017\/04\/Schulen_klein-768x576.png 768w, https:\/\/harmonicalibrary.de\/bandoneon\/wp-content\/uploads\/2017\/04\/Schulen_klein-360x270.png 360w\" sizes=\"(max-width: 1024px) 100vw, 1024px\" alt=\"\" loading=\"lazy\" \t\tclass=\"so-widget-image\"\/>\n\t<\/a><\/div>\n\n<\/div><\/div><div id=\"panel-5-2-1-2\" class=\"so-panel widget widget_sow-editor panel-last-child\" data-index=\"12\" ><div\n\t\t\t\n\t\t\tclass=\"so-widget-sow-editor so-widget-sow-editor-base\"\n\t\t\t\n\t\t>\n<div class=\"siteorigin-widget-tinymce textwidget\">\n\t<p>Diese Seite soll Ihnen ja nur einen Einstieg in die Welt des Bandoneons und des Bandoneonspielens geben. Hier finden Sie weitere Informationen, z.B. zu Bandoneon-Schulen, zu Lehrern oder zu Herstellern oder Betrieben, die Ihnen bei Reparaturen helfen k\u00f6nnen.<br \/><a href=\"https:\/\/harmonicalibrary.de\/bandoneon\/?page_id=1157\">Weiter...<\/a><\/p>\n<\/div>\n<\/div><\/div><\/div><\/div><\/div>","protected":false},"excerpt":{"rendered":"<p>Diese Webseite bietet einen Einstieg in die Welt des Bandoneons. Das Instrument wird &#8211; vor allem in Deutschland &#8211; auch Bandonion genannt, die S\u00fcdamerikaner, insbesondere nat\u00fcrlich die Argentinier und die Uruguayer, nennen es Bandone\u00f3n. Fr\u00fcher war das Bandoneon ein weit verbreitetes Instrument in Deutschland. So gab es vor dem zweiten Weltkrieg mehr Menschen in Deutschland, &hellip; <\/p>\n<p class=\"read-more\"><a class=\"btn btn-default\" href=\"https:\/\/harmonicalibrary.de\/bandoneon\/\"> Read More<span class=\"screen-reader-text\">  Read More<\/span><\/a><\/p>\n","protected":false},"author":2,"featured_media":0,"parent":0,"menu_order":0,"comment_status":"closed","ping_status":"closed","template":"","meta":[],"aioseo_notices":[],"_links":{"self":[{"href":"https:\/\/harmonicalibrary.de\/bandoneon\/index.php?rest_route=\/wp\/v2\/pages\/5"}],"collection":[{"href":"https:\/\/harmonicalibrary.de\/bandoneon\/index.php?rest_route=\/wp\/v2\/pages"}],"about":[{"href":"https:\/\/harmonicalibrary.de\/bandoneon\/index.php?rest_route=\/wp\/v2\/types\/page"}],"author":[{"embeddable":true,"href":"https:\/\/harmonicalibrary.de\/bandoneon\/index.php?rest_route=\/wp\/v2\/users\/2"}],"replies":[{"embeddable":true,"href":"https:\/\/harmonicalibrary.de\/bandoneon\/index.php?rest_route=%2Fwp%2Fv2%2Fcomments&post=5"}],"version-history":[{"count":190,"href":"https:\/\/harmonicalibrary.de\/bandoneon\/index.php?rest_route=\/wp\/v2\/pages\/5\/revisions"}],"predecessor-version":[{"id":2238,"href":"https:\/\/harmonicalibrary.de\/bandoneon\/index.php?rest_route=\/wp\/v2\/pages\/5\/revisions\/2238"}],"wp:attachment":[{"href":"https:\/\/harmonicalibrary.de\/bandoneon\/index.php?rest_route=%2Fwp%2Fv2%2Fmedia&parent=5"}],"curies":[{"name":"wp","href":"https:\/\/api.w.org\/{rel}","templated":true}]}}