{"id":323,"date":"2017-05-01T13:11:31","date_gmt":"2017-05-01T11:11:31","guid":{"rendered":"http:\/\/localhost\/bandoneon\/?page_id=323"},"modified":"2018-04-17T16:36:23","modified_gmt":"2018-04-17T14:36:23","slug":"eine-reihen-diskant","status":"publish","type":"page","link":"https:\/\/harmonicalibrary.de\/bandoneon\/?page_id=323","title":{"rendered":"Gleicht\u00f6niges Instrument"},"content":{"rendered":"<div id=\"pl-323\"  class=\"panel-layout\" ><div id=\"pg-323-0\"  class=\"panel-grid panel-no-style\" ><div id=\"pgc-323-0-0\"  class=\"panel-grid-cell\" ><div id=\"panel-323-0-0-0\" class=\"so-panel widget widget_sow-editor panel-first-child panel-last-child\" data-index=\"0\" ><div\n\t\t\t\n\t\t\tclass=\"so-widget-sow-editor so-widget-sow-editor-base\"\n\t\t\t\n\t\t>\n<div class=\"siteorigin-widget-tinymce textwidget\">\n\t<p>Wenn Sie ein Handzuginstrument mit Kn\u00f6pfen haben, die bei Zug und Druck gleiche T\u00f6ne von sich geben, dann ist zu unterscheiden, ob Sie alle T\u00f6ne einer chromatischen Tonleiter (also wei\u00dfe und schwarze Tasten einer Klaviatur) spielen k\u00f6nnen, oder nur T\u00f6ne einer oder mehrerer Tonleitern (diatonisch).<\/p>\n<p><strong>\u2662 Chromatische Knopfakkordeons<\/strong> entsprechen prinzipiell dem Pianoakkordeon. Auch die Farben der Kn\u00f6pfe (wenn sie denn unterschiedlich sind) entsprechen den Tasten der Klaviatur: Auf den wei\u00dfen Kn\u00f6pfen finden sich die T\u00f6ne von C-Dur, auf den schwarzen Kn\u00f6pfen die fehlenden chromatischen T\u00f6ne.<\/p>\n<p>Ein Vorteil chromatischer Knopfakkordeons liegt in Platzbedarf einer Oktave. Da die Kn\u00f6pfe viel weniger Platz beanspruchen, kann bei einem gleich gro\u00dfen Instrument ein gr\u00f6\u00dferer Tonumfang eingebaut werden.<\/p>\n<p>Man unterscheidet mehrere Griff-Systeme. Weit verbreitet sind das <strong>B-Griff-System<\/strong> und das <strong>C-Griff-System<\/strong>. Diese sind prinzipiell \u00e4hnlich aufgebaut und bestehen aus drei Tastenreihen. Weitere Tastenreihen wiederholen die ersten Tastenreihen und erm\u00f6glichen ein komfortableres Spielen.<\/p>\n<figure id=\"attachment_1283\" aria-describedby=\"caption-attachment-1283\" style=\"width: 300px\" class=\"wp-caption alignleft\"><img loading=\"lazy\" class=\"wp-image-1283 size-medium\" src=\"https:\/\/harmonicalibrary.de\/bandoneon\/wp-content\/uploads\/2017\/05\/b-griff-300x225.png\" alt=\"\" width=\"300\" height=\"225\" srcset=\"https:\/\/harmonicalibrary.de\/bandoneon\/wp-content\/uploads\/2017\/05\/b-griff-300x225.png 300w, https:\/\/harmonicalibrary.de\/bandoneon\/wp-content\/uploads\/2017\/05\/b-griff-768x576.png 768w, https:\/\/harmonicalibrary.de\/bandoneon\/wp-content\/uploads\/2017\/05\/b-griff-360x270.png 360w, https:\/\/harmonicalibrary.de\/bandoneon\/wp-content\/uploads\/2017\/05\/b-griff.png 816w\" sizes=\"(max-width: 300px) 100vw, 300px\" \/><figcaption id=\"caption-attachment-1283\" class=\"wp-caption-text\"><\/p>\n<p><\/p>\n<div style=\"color: black;\">B-Griff-System<\/div>\n<p><\/figcaption><\/figure>\n<p>Das B-Griff-System ist daran zu erkennen, dass in der \u00e4u\u00dferen Reihe drei wei\u00dfe Tasten vorhanden sind. Eine dieser Tasten entspricht dem B (im deutschen dem Ton H).<\/p>\n<p>Das B-Griff-System findet sich unter anderem beim russischen <strong>Bajan<\/strong> wieder. Ein typisches Erkennungsmerkmal eines Bajans ist die Anordnung der Diskant-Seite. Beim normalen Akkordeon schlie\u00dft die Unterseite der Tasten b\u00fcndig mit der R\u00fcckseite des Akkordeons ab. Beim Bajan ist dies nicht der Fall, da ist der Tastentr\u00e4ger erh\u00f6ht angebracht.<\/p>\n<p>&nbsp;<\/p>\n<p><figure id=\"attachment_1296\" aria-describedby=\"caption-attachment-1296\" style=\"width: 300px\" class=\"wp-caption aligncenter\"><img loading=\"lazy\" class=\"wp-image-1296 size-medium\" src=\"https:\/\/harmonicalibrary.de\/bandoneon\/wp-content\/uploads\/2017\/05\/Bajan_tastatur-300x226.png\" alt=\"\" width=\"300\" height=\"226\" srcset=\"https:\/\/harmonicalibrary.de\/bandoneon\/wp-content\/uploads\/2017\/05\/Bajan_tastatur-300x226.png 300w, https:\/\/harmonicalibrary.de\/bandoneon\/wp-content\/uploads\/2017\/05\/Bajan_tastatur-e1497819836361-150x113.png 150w, https:\/\/harmonicalibrary.de\/bandoneon\/wp-content\/uploads\/2017\/05\/Bajan_tastatur-768x579.png 768w, https:\/\/harmonicalibrary.de\/bandoneon\/wp-content\/uploads\/2017\/05\/Bajan_tastatur-358x270.png 358w, https:\/\/harmonicalibrary.de\/bandoneon\/wp-content\/uploads\/2017\/05\/Bajan_tastatur.png 900w\" sizes=\"(max-width: 300px) 100vw, 300px\" \/><figcaption id=\"caption-attachment-1296\" class=\"wp-caption-text\"><\/p>\n<p><\/p>\n<div style=\"color: black;\">Tastaturanordnung beim Bajan<\/div>\n<p><\/figcaption><\/figure><br \/>\n<figure id=\"attachment_1305\" aria-describedby=\"caption-attachment-1305\" style=\"width: 300px\" class=\"wp-caption alignleft\"><img loading=\"lazy\" class=\"wp-image-1305 size-medium\" src=\"https:\/\/harmonicalibrary.de\/bandoneon\/wp-content\/uploads\/2017\/05\/c-griff-300x225.png\" alt=\"\" width=\"300\" height=\"225\" srcset=\"https:\/\/harmonicalibrary.de\/bandoneon\/wp-content\/uploads\/2017\/05\/c-griff-300x225.png 300w, https:\/\/harmonicalibrary.de\/bandoneon\/wp-content\/uploads\/2017\/05\/c-griff-768x576.png 768w, https:\/\/harmonicalibrary.de\/bandoneon\/wp-content\/uploads\/2017\/05\/c-griff-1024x767.png 1024w, https:\/\/harmonicalibrary.de\/bandoneon\/wp-content\/uploads\/2017\/05\/c-griff-360x270.png 360w, https:\/\/harmonicalibrary.de\/bandoneon\/wp-content\/uploads\/2017\/05\/c-griff.png 1209w\" sizes=\"(max-width: 300px) 100vw, 300px\" \/><figcaption id=\"caption-attachment-1305\" class=\"wp-caption-text\"><\/p>\n<p><\/p>\n<div style=\"color: black;\">C-Griff-Akkordeon mit 5 Reihen.<\/div>\n<p><\/figcaption><\/figure><\/p>\n<p>Beim C-Griff-System befinden sich nur zwei wei\u00dfe Kn\u00f6pfe nebeneinander in der ersten Reihe, eine Taste davon ist der Ton C.<\/p>\n<p>Die T\u00f6ne steigen von au\u00dfen nach innen in Halbtonschritten an. Beim B-Griff-System ist es genau umgekehrt.<\/p>\n<figure id=\"attachment_754\" aria-describedby=\"caption-attachment-754\" style=\"width: 300px\" class=\"wp-caption alignright\"><img loading=\"lazy\" class=\"wp-image-754 size-medium\" src=\"https:\/\/harmonicalibrary.de\/bandoneon\/wp-content\/uploads\/2017\/04\/Bandoneon18-front-grad50-300x225.png\" alt=\"\" width=\"300\" height=\"225\" srcset=\"https:\/\/harmonicalibrary.de\/bandoneon\/wp-content\/uploads\/2017\/04\/Bandoneon18-front-grad50-300x225.png 300w, https:\/\/harmonicalibrary.de\/bandoneon\/wp-content\/uploads\/2017\/04\/Bandoneon18-front-grad50-768x575.png 768w, https:\/\/harmonicalibrary.de\/bandoneon\/wp-content\/uploads\/2017\/04\/Bandoneon18-front-grad50-1024x767.png 1024w, https:\/\/harmonicalibrary.de\/bandoneon\/wp-content\/uploads\/2017\/04\/Bandoneon18-front-grad50-360x270.png 360w\" sizes=\"(max-width: 300px) 100vw, 300px\" \/><figcaption id=\"caption-attachment-754\" class=\"wp-caption-text\"><\/p>\n<p><\/p>\n<div style=\"color: black;\">Garmoschka<\/div>\n<p><\/figcaption><\/figure>\n<p><strong>\u2662 <\/strong>Ein diatonisches gleicht\u00f6niges Knopfakkordeon ist die russische <strong>Garmoschka<\/strong>, auch Garmon, Garmonika oder Tula-Akkordeon genannt.<\/p>\n<p>Auf der Diskant-Seite finden sich zwei Tastenreihen, die bis auf die oberen drei Tasten nur T\u00f6ne der C-Dur-Tonleiter wiedergeben (wenn das Instrument in C gestimmt ist).<\/p>\n<p>Auf der Bass-Seite befinden sich neben zwei Reihen mit Dur- und Moll-Basst\u00f6nen und Akkorden noch eine dritte Reihe mit allen Basst\u00f6nen von C-Dur.<\/p>\n<p>&nbsp;<\/p>\n<figure id=\"attachment_1353\" aria-describedby=\"caption-attachment-1353\" style=\"width: 640px\" class=\"wp-caption aligncenter\"><img loading=\"lazy\" class=\"wp-image-1353 size-large\" src=\"https:\/\/harmonicalibrary.de\/bandoneon\/wp-content\/uploads\/2017\/05\/Bildschirmfoto-2017-06-19-um-22.38.02-e1497904773228-1024x674.png\" alt=\"\" width=\"640\" height=\"421\" srcset=\"https:\/\/harmonicalibrary.de\/bandoneon\/wp-content\/uploads\/2017\/05\/Bildschirmfoto-2017-06-19-um-22.38.02-e1497904773228-1024x674.png 1024w, https:\/\/harmonicalibrary.de\/bandoneon\/wp-content\/uploads\/2017\/05\/Bildschirmfoto-2017-06-19-um-22.38.02-e1497904773228-300x197.png 300w, https:\/\/harmonicalibrary.de\/bandoneon\/wp-content\/uploads\/2017\/05\/Bildschirmfoto-2017-06-19-um-22.38.02-e1497904773228-768x505.png 768w, https:\/\/harmonicalibrary.de\/bandoneon\/wp-content\/uploads\/2017\/05\/Bildschirmfoto-2017-06-19-um-22.38.02-e1497904773228-410x270.png 410w\" sizes=\"(max-width: 640px) 100vw, 640px\" \/><figcaption id=\"caption-attachment-1353\" class=\"wp-caption-text\"><\/p>\n<p><\/p>\n<div style=\"color: black;\">Tastenbelegung Garmoschka<\/div>\n<p><\/figcaption><\/figure>\n<p>&nbsp;<\/p>\n<\/div>\n<\/div><\/div><\/div><\/div><\/div>","protected":false},"excerpt":{"rendered":"<p>Wenn Sie ein Handzuginstrument mit Kn\u00f6pfen haben, die bei Zug und Druck gleiche T\u00f6ne von sich geben, dann ist zu unterscheiden, ob Sie alle T\u00f6ne einer chromatischen Tonleiter (also wei\u00dfe und schwarze Tasten einer Klaviatur) spielen k\u00f6nnen, oder nur T\u00f6ne einer oder mehrerer Tonleitern (diatonisch). \u2662 Chromatische Knopfakkordeons entsprechen prinzipiell dem Pianoakkordeon. Auch die Farben &hellip; <\/p>\n<p class=\"read-more\"><a class=\"btn btn-default\" href=\"https:\/\/harmonicalibrary.de\/bandoneon\/?page_id=323\"> Read More<span class=\"screen-reader-text\">  Read More<\/span><\/a><\/p>\n","protected":false},"author":1,"featured_media":0,"parent":304,"menu_order":1,"comment_status":"closed","ping_status":"closed","template":"","meta":[],"aioseo_notices":[],"_links":{"self":[{"href":"https:\/\/harmonicalibrary.de\/bandoneon\/index.php?rest_route=\/wp\/v2\/pages\/323"}],"collection":[{"href":"https:\/\/harmonicalibrary.de\/bandoneon\/index.php?rest_route=\/wp\/v2\/pages"}],"about":[{"href":"https:\/\/harmonicalibrary.de\/bandoneon\/index.php?rest_route=\/wp\/v2\/types\/page"}],"author":[{"embeddable":true,"href":"https:\/\/harmonicalibrary.de\/bandoneon\/index.php?rest_route=\/wp\/v2\/users\/1"}],"replies":[{"embeddable":true,"href":"https:\/\/harmonicalibrary.de\/bandoneon\/index.php?rest_route=%2Fwp%2Fv2%2Fcomments&post=323"}],"version-history":[{"count":82,"href":"https:\/\/harmonicalibrary.de\/bandoneon\/index.php?rest_route=\/wp\/v2\/pages\/323\/revisions"}],"predecessor-version":[{"id":2251,"href":"https:\/\/harmonicalibrary.de\/bandoneon\/index.php?rest_route=\/wp\/v2\/pages\/323\/revisions\/2251"}],"up":[{"embeddable":true,"href":"https:\/\/harmonicalibrary.de\/bandoneon\/index.php?rest_route=\/wp\/v2\/pages\/304"}],"wp:attachment":[{"href":"https:\/\/harmonicalibrary.de\/bandoneon\/index.php?rest_route=%2Fwp%2Fv2%2Fmedia&parent=323"}],"curies":[{"name":"wp","href":"https:\/\/api.w.org\/{rel}","templated":true}]}}