{"id":2516,"date":"2021-11-21T21:22:55","date_gmt":"2021-11-21T20:22:55","guid":{"rendered":"https:\/\/harmonicalibrary.de\/bandoneon\/?page_id=2516"},"modified":"2021-11-21T21:25:00","modified_gmt":"2021-11-21T20:25:00","slug":"einfacher-walzer-3-2","status":"publish","type":"page","link":"https:\/\/harmonicalibrary.de\/bandoneon\/?page_id=2516","title":{"rendered":"Funny Song"},"content":{"rendered":"<div id=\"pl-2516\"  class=\"panel-layout\" ><div id=\"pg-2516-0\"  class=\"panel-grid panel-no-style\" ><div id=\"pgc-2516-0-0\"  class=\"panel-grid-cell\" ><div id=\"panel-2516-0-0-0\" class=\"so-panel widget widget_sow-headline panel-first-child panel-last-child\" data-index=\"0\" ><div\n\t\t\t\n\t\t\tclass=\"so-widget-sow-headline so-widget-sow-headline-default-eb58c90b4a68-2516\"\n\t\t\t\n\t\t><div class=\"sow-headline-container \">\n\t<h2 class='sow-headline'>Das St\u00fcck<\/h2>\t\t\t\t\t<div class=\"decoration\">\n\t\t\t\t\t\t<div class=\"decoration-inside\"><\/div>\n\t\t\t\t\t<\/div>\n\t\t\t\t\t<\/div><\/div><\/div><\/div><\/div><div id=\"pg-2516-1\"  class=\"panel-grid panel-no-style\" ><div id=\"pgc-2516-1-0\"  class=\"panel-grid-cell\" ><div id=\"panel-2516-1-0-0\" class=\"so-panel widget widget_sow-editor panel-first-child panel-last-child\" data-index=\"1\" ><div\n\t\t\t\n\t\t\tclass=\"so-widget-sow-editor so-widget-sow-editor-base\"\n\t\t\t\n\t\t>\n<div class=\"siteorigin-widget-tinymce textwidget\">\n\t<p>Dies ist ein einfaches St\u00fcck im 4\/4-Takt. Die verwendeten Tasten konzentrieren sich auf wenige Zeilen. In der PDF und unten auf der Seite finden sich Vorschl\u00e4ge f\u00fcr die Akkorde G, D7 und C. Dabei sind dies unvollst\u00e4ndige Akkorde, die sich so aber sehr leicht greifen lassen - ideal f\u00fcr Anf\u00e4nger. Hier sind jeweils bei den Akkorden Wechselb\u00e4sse notiert, diese sind farblich gekennzeichnet. Es wird immer Bass-Akkord-Wechselbass-Akkord gespielt (wenn der Akkord \u00fcber mehr als zwei Schl\u00e4ge dauert).<\/p>\n<figure id=\"attachment_2380\" aria-describedby=\"caption-attachment-2380\" style=\"width: 150px\" class=\"wp-caption alignleft\"><a href=\"https:\/\/harmonicalibrary.de\/bandoneon\/wp-content\/uploads\/2021\/11\/funnySong.pdf\" target=\"_blank\" rel=\"noopener\"><img loading=\"lazy\" class=\"wp-image-2380 size-thumbnail\" src=\"https:\/\/harmonicalibrary.de\/bandoneon\/wp-content\/uploads\/2018\/09\/Bildschirmfoto-2018-09-09-um-11.41.14-150x150.png\" alt=\"\" width=\"150\" height=\"150\" data-wp-editing=\"1\" srcset=\"https:\/\/harmonicalibrary.de\/bandoneon\/wp-content\/uploads\/2018\/09\/Bildschirmfoto-2018-09-09-um-11.41.14-150x150.png 150w, https:\/\/harmonicalibrary.de\/bandoneon\/wp-content\/uploads\/2018\/09\/Bildschirmfoto-2018-09-09-um-11.41.14-300x300.png 300w, https:\/\/harmonicalibrary.de\/bandoneon\/wp-content\/uploads\/2018\/09\/Bildschirmfoto-2018-09-09-um-11.41.14-270x270.png 270w, https:\/\/harmonicalibrary.de\/bandoneon\/wp-content\/uploads\/2018\/09\/Bildschirmfoto-2018-09-09-um-11.41.14.png 640w\" sizes=\"(max-width: 150px) 100vw, 150px\" \/><\/a><figcaption id=\"caption-attachment-2380\" class=\"wp-caption-text\"><span style=\"color: black;\">Noten als PDF zum Herunterladen und Ausdrucken<\/span><\/figcaption><\/figure>\n<p>Auch die Melodie auf der Diskant-Seite konzentriert sich auf wenige Tasten. Man muss jedoch ein wenig ausprobieren, damit man den optimalen Fingersatz findet, also die Reihenfolge, mit welchem Finger man welchen Ton spielt.<\/p>\n<\/div>\n<\/div><\/div><\/div><div id=\"pgc-2516-1-1\"  class=\"panel-grid-cell\" ><div id=\"panel-2516-1-1-0\" class=\"so-panel widget widget_sow-video panel-first-child panel-last-child\" data-index=\"2\" ><div\n\t\t\t\n\t\t\tclass=\"so-widget-sow-video so-widget-sow-video-base\"\n\t\t\t\n\t\t>\n<div class=\"sow-video-wrapper\">\n\t\t\t<iframe title=\"Funny Song\" width=\"640\" height=\"480\" src=\"https:\/\/www.youtube.com\/embed\/6yj7ed5Dxco?feature=oembed\" frameborder=\"0\" allow=\"accelerometer; autoplay; clipboard-write; encrypted-media; gyroscope; picture-in-picture; web-share\" referrerpolicy=\"strict-origin-when-cross-origin\" allowfullscreen><\/iframe>\t<\/div>\n<\/div><\/div><\/div><\/div><div id=\"pg-2516-2\"  class=\"panel-grid panel-no-style\" ><div id=\"pgc-2516-2-0\"  class=\"panel-grid-cell\" ><div id=\"panel-2516-2-0-0\" class=\"so-panel widget widget_sow-headline panel-first-child\" data-index=\"3\" ><div\n\t\t\t\n\t\t\tclass=\"so-widget-sow-headline so-widget-sow-headline-default-eb58c90b4a68-2516\"\n\t\t\t\n\t\t><div class=\"sow-headline-container \">\n\t<h2 class='sow-headline'>Die Tasten<\/h2>\t\t\t\t\t<div class=\"decoration\">\n\t\t\t\t\t\t<div class=\"decoration-inside\"><\/div>\n\t\t\t\t\t<\/div>\n\t\t\t\t\t<\/div><\/div><\/div><div id=\"panel-2516-2-0-1\" class=\"so-panel widget widget_sow-image panel-last-child\" data-index=\"4\" ><div\n\t\t\t\n\t\t\tclass=\"so-widget-sow-image so-widget-sow-image-default-d6014b76747a-2516\"\n\t\t\t\n\t\t>\n\n<div class=\"sow-image-container\">\n\t\t<img src=\"https:\/\/harmonicalibrary.de\/bandoneon\/wp-content\/uploads\/2021\/11\/Bildschirmfoto-2021-11-21-um-21.19.28.png\" width=\"971\" height=\"1153\" srcset=\"https:\/\/harmonicalibrary.de\/bandoneon\/wp-content\/uploads\/2021\/11\/Bildschirmfoto-2021-11-21-um-21.19.28.png 971w, https:\/\/harmonicalibrary.de\/bandoneon\/wp-content\/uploads\/2021\/11\/Bildschirmfoto-2021-11-21-um-21.19.28-253x300.png 253w, https:\/\/harmonicalibrary.de\/bandoneon\/wp-content\/uploads\/2021\/11\/Bildschirmfoto-2021-11-21-um-21.19.28-862x1024.png 862w, https:\/\/harmonicalibrary.de\/bandoneon\/wp-content\/uploads\/2021\/11\/Bildschirmfoto-2021-11-21-um-21.19.28-768x912.png 768w, https:\/\/harmonicalibrary.de\/bandoneon\/wp-content\/uploads\/2021\/11\/Bildschirmfoto-2021-11-21-um-21.19.28-227x270.png 227w\" sizes=\"(max-width: 971px) 100vw, 971px\" title=\"Bildschirmfoto 2021-11-21 um 21.19.28\" alt=\"\" loading=\"lazy\" \t\tclass=\"so-widget-image\"\/>\n\t<\/div>\n\n<\/div><\/div><\/div><\/div><\/div>","protected":false},"excerpt":{"rendered":"<p>Dies ist ein einfaches St\u00fcck im 4\/4-Takt. Die verwendeten Tasten konzentrieren sich auf wenige Zeilen. In der PDF und unten auf der Seite finden sich Vorschl\u00e4ge f\u00fcr die Akkorde G, D7 und C. Dabei sind dies unvollst\u00e4ndige Akkorde, die sich so aber sehr leicht greifen lassen &#8211; ideal f\u00fcr Anf\u00e4nger. Hier sind jeweils bei den &hellip; <\/p>\n<p class=\"read-more\"><a class=\"btn btn-default\" href=\"https:\/\/harmonicalibrary.de\/bandoneon\/?page_id=2516\"> Read More<span class=\"screen-reader-text\">  Read More<\/span><\/a><\/p>\n","protected":false},"author":2,"featured_media":0,"parent":2094,"menu_order":7,"comment_status":"closed","ping_status":"closed","template":"","meta":[],"aioseo_notices":[],"_links":{"self":[{"href":"https:\/\/harmonicalibrary.de\/bandoneon\/index.php?rest_route=\/wp\/v2\/pages\/2516"}],"collection":[{"href":"https:\/\/harmonicalibrary.de\/bandoneon\/index.php?rest_route=\/wp\/v2\/pages"}],"about":[{"href":"https:\/\/harmonicalibrary.de\/bandoneon\/index.php?rest_route=\/wp\/v2\/types\/page"}],"author":[{"embeddable":true,"href":"https:\/\/harmonicalibrary.de\/bandoneon\/index.php?rest_route=\/wp\/v2\/users\/2"}],"replies":[{"embeddable":true,"href":"https:\/\/harmonicalibrary.de\/bandoneon\/index.php?rest_route=%2Fwp%2Fv2%2Fcomments&post=2516"}],"version-history":[{"count":16,"href":"https:\/\/harmonicalibrary.de\/bandoneon\/index.php?rest_route=\/wp\/v2\/pages\/2516\/revisions"}],"predecessor-version":[{"id":2535,"href":"https:\/\/harmonicalibrary.de\/bandoneon\/index.php?rest_route=\/wp\/v2\/pages\/2516\/revisions\/2535"}],"up":[{"embeddable":true,"href":"https:\/\/harmonicalibrary.de\/bandoneon\/index.php?rest_route=\/wp\/v2\/pages\/2094"}],"wp:attachment":[{"href":"https:\/\/harmonicalibrary.de\/bandoneon\/index.php?rest_route=%2Fwp%2Fv2%2Fmedia&parent=2516"}],"curies":[{"name":"wp","href":"https:\/\/api.w.org\/{rel}","templated":true}]}}