{"id":2500,"date":"2019-05-05T20:29:35","date_gmt":"2019-05-05T18:29:35","guid":{"rendered":"https:\/\/harmonicalibrary.de\/bandoneon\/?page_id=2500"},"modified":"2019-05-05T21:10:18","modified_gmt":"2019-05-05T19:10:18","slug":"einfacher-walzer-3__trashed-2","status":"publish","type":"page","link":"https:\/\/harmonicalibrary.de\/bandoneon\/?page_id=2500","title":{"rendered":"Saarl\u00e4ndler"},"content":{"rendered":"<div id=\"pl-2500\"  class=\"panel-layout\" ><div id=\"pg-2500-0\"  class=\"panel-grid panel-no-style\" ><div id=\"pgc-2500-0-0\"  class=\"panel-grid-cell\" ><div id=\"panel-2500-0-0-0\" class=\"so-panel widget widget_sow-headline panel-first-child panel-last-child\" data-index=\"0\" ><div\n\t\t\t\n\t\t\tclass=\"so-widget-sow-headline so-widget-sow-headline-default-eb58c90b4a68-2500\"\n\t\t\t\n\t\t><div class=\"sow-headline-container \">\n\t<h2 class='sow-headline'>Das St\u00fcck<\/h2>\t\t\t\t\t<div class=\"decoration\">\n\t\t\t\t\t\t<div class=\"decoration-inside\"><\/div>\n\t\t\t\t\t<\/div>\n\t\t\t\t\t<\/div><\/div><\/div><\/div><\/div><div id=\"pg-2500-1\"  class=\"panel-grid panel-no-style\" ><div id=\"pgc-2500-1-0\"  class=\"panel-grid-cell\" ><div id=\"panel-2500-1-0-0\" class=\"so-panel widget widget_sow-editor panel-first-child panel-last-child\" data-index=\"1\" ><div\n\t\t\t\n\t\t\tclass=\"so-widget-sow-editor so-widget-sow-editor-base\"\n\t\t\t\n\t\t>\n<div class=\"siteorigin-widget-tinymce textwidget\">\n\t<p>Dieser L\u00e4ndler kommt mit wenigen Akkorden auf der Bass-Seite aus. Ein typisches St\u00fcck, welches f\u00fcr Handharmonika geschrieben wurde, aber auf dem Bandoneon genauso gut gespielt werden kann. Hier hat man sogar den Vorteil, Wechselb\u00e4sse spielen zu k\u00f6nnen, was nicht immer auf der Handharmonika funktioniert.<\/p>\n<p>Beim Wechselbass wird bei einem Akkord immer abwechselnd der Grundton als Basston gespielt und die Quinte dazu (also im Quintenzirkel der Ton rechts neben dem Grundton, z.B. C (Grundton) -&gt; G (Wechselbass), G (Grundton) -&gt; D (Wechselbass).<\/p>\n<figure id=\"attachment_2380\" aria-describedby=\"caption-attachment-2380\" style=\"width: 150px\" class=\"wp-caption alignleft\"><a href=\"https:\/\/harmonicalibrary.de\/bandoneon\/wp-content\/uploads\/2019\/05\/saarlaendler_bando_144.pdf\" target=\"_blank\" rel=\"noopener\"><img loading=\"lazy\" class=\"wp-image-2380 size-thumbnail\" src=\"https:\/\/harmonicalibrary.de\/bandoneon\/wp-content\/uploads\/2018\/09\/Bildschirmfoto-2018-09-09-um-11.41.14-150x150.png\" alt=\"\" width=\"150\" height=\"150\" srcset=\"https:\/\/harmonicalibrary.de\/bandoneon\/wp-content\/uploads\/2018\/09\/Bildschirmfoto-2018-09-09-um-11.41.14-150x150.png 150w, https:\/\/harmonicalibrary.de\/bandoneon\/wp-content\/uploads\/2018\/09\/Bildschirmfoto-2018-09-09-um-11.41.14-300x300.png 300w, https:\/\/harmonicalibrary.de\/bandoneon\/wp-content\/uploads\/2018\/09\/Bildschirmfoto-2018-09-09-um-11.41.14-270x270.png 270w, https:\/\/harmonicalibrary.de\/bandoneon\/wp-content\/uploads\/2018\/09\/Bildschirmfoto-2018-09-09-um-11.41.14.png 640w\" sizes=\"(max-width: 150px) 100vw, 150px\" \/><\/a><figcaption id=\"caption-attachment-2380\" class=\"wp-caption-text\"><span style=\"color: black;\">Noten als PDF zum Herunterladen und Ausdrucken<\/span><\/figcaption><\/figure>\n<p>&nbsp;<\/p>\n<\/div>\n<\/div><\/div><\/div><div id=\"pgc-2500-1-1\"  class=\"panel-grid-cell\" ><div id=\"panel-2500-1-1-0\" class=\"so-panel widget widget_sow-video panel-first-child\" data-index=\"2\" ><div\n\t\t\t\n\t\t\tclass=\"so-widget-sow-video so-widget-sow-video-base\"\n\t\t\t\n\t\t>\n<div class=\"sow-video-wrapper\">\n\t\t\t<iframe title=\"Saarl\u00e4ndler Bandoneon\" width=\"640\" height=\"360\" src=\"https:\/\/www.youtube.com\/embed\/18gG7DAr_eo?feature=oembed\" frameborder=\"0\" allow=\"accelerometer; autoplay; clipboard-write; encrypted-media; gyroscope; picture-in-picture; web-share\" referrerpolicy=\"strict-origin-when-cross-origin\" allowfullscreen><\/iframe>\t<\/div>\n<\/div><\/div><div id=\"panel-2500-1-1-1\" class=\"so-panel widget widget_sow-editor panel-last-child\" data-index=\"3\" ><div\n\t\t\t\n\t\t\tclass=\"so-widget-sow-editor so-widget-sow-editor-base\"\n\t\t\t\n\t\t>\n<div class=\"siteorigin-widget-tinymce textwidget\">\n\t<p>Dank an Andreas Engelmann aus Dresden!<\/p>\n<\/div>\n<\/div><\/div><\/div><\/div><\/div>","protected":false},"excerpt":{"rendered":"<p>Dieser L\u00e4ndler kommt mit wenigen Akkorden auf der Bass-Seite aus. Ein typisches St\u00fcck, welches f\u00fcr Handharmonika geschrieben wurde, aber auf dem Bandoneon genauso gut gespielt werden kann. Hier hat man sogar den Vorteil, Wechselb\u00e4sse spielen zu k\u00f6nnen, was nicht immer auf der Handharmonika funktioniert. Beim Wechselbass wird bei einem Akkord immer abwechselnd der Grundton als &hellip; <\/p>\n<p class=\"read-more\"><a class=\"btn btn-default\" href=\"https:\/\/harmonicalibrary.de\/bandoneon\/?page_id=2500\"> Read More<span class=\"screen-reader-text\">  Read More<\/span><\/a><\/p>\n","protected":false},"author":2,"featured_media":0,"parent":2094,"menu_order":10,"comment_status":"closed","ping_status":"closed","template":"","meta":[],"aioseo_notices":[],"_links":{"self":[{"href":"https:\/\/harmonicalibrary.de\/bandoneon\/index.php?rest_route=\/wp\/v2\/pages\/2500"}],"collection":[{"href":"https:\/\/harmonicalibrary.de\/bandoneon\/index.php?rest_route=\/wp\/v2\/pages"}],"about":[{"href":"https:\/\/harmonicalibrary.de\/bandoneon\/index.php?rest_route=\/wp\/v2\/types\/page"}],"author":[{"embeddable":true,"href":"https:\/\/harmonicalibrary.de\/bandoneon\/index.php?rest_route=\/wp\/v2\/users\/2"}],"replies":[{"embeddable":true,"href":"https:\/\/harmonicalibrary.de\/bandoneon\/index.php?rest_route=%2Fwp%2Fv2%2Fcomments&post=2500"}],"version-history":[{"count":6,"href":"https:\/\/harmonicalibrary.de\/bandoneon\/index.php?rest_route=\/wp\/v2\/pages\/2500\/revisions"}],"predecessor-version":[{"id":2506,"href":"https:\/\/harmonicalibrary.de\/bandoneon\/index.php?rest_route=\/wp\/v2\/pages\/2500\/revisions\/2506"}],"up":[{"embeddable":true,"href":"https:\/\/harmonicalibrary.de\/bandoneon\/index.php?rest_route=\/wp\/v2\/pages\/2094"}],"wp:attachment":[{"href":"https:\/\/harmonicalibrary.de\/bandoneon\/index.php?rest_route=%2Fwp%2Fv2%2Fmedia&parent=2500"}],"curies":[{"name":"wp","href":"https:\/\/api.w.org\/{rel}","templated":true}]}}