{"id":2094,"date":"2017-11-11T16:17:22","date_gmt":"2017-11-11T15:17:22","guid":{"rendered":"https:\/\/harmonicalibrary.de\/bandoneon\/?page_id=2094"},"modified":"2021-11-21T21:35:30","modified_gmt":"2021-11-21T20:35:30","slug":"erste-stuecke","status":"publish","type":"page","link":"https:\/\/harmonicalibrary.de\/bandoneon\/?page_id=2094","title":{"rendered":"Erste St\u00fccke"},"content":{"rendered":"<div id=\"pl-2094\"  class=\"panel-layout\" ><div id=\"pg-2094-0\"  class=\"panel-grid panel-no-style\" ><div id=\"pgc-2094-0-0\"  class=\"panel-grid-cell\" ><div id=\"panel-2094-0-0-0\" class=\"so-panel widget widget_sow-editor panel-first-child panel-last-child\" data-index=\"0\" ><div\n\t\t\t\n\t\t\tclass=\"so-widget-sow-editor so-widget-sow-editor-base\"\n\t\t\t\n\t\t><h3 class=\"widget-title\">Einfacher Walzer<\/h3>\n<div class=\"siteorigin-widget-tinymce textwidget\">\n\t<p>Dieser einfache Walzer ist das erste St\u00fcck aus der Bandonionschule von Otto Luther aus dem Jahr 1892. Es ist recht einfach zu spielen, da es auf jeder Seite nur vier Tasten nutzt, die auch noch alle nebeneinander liegen.<\/p>\n<p><a href=\"https:\/\/harmonicalibrary.de\/bandoneon\/?page_id=1905\">Zum St\u00fcck...<\/a><\/p>\n<\/div>\n<\/div><\/div><\/div><div id=\"pgc-2094-0-1\"  class=\"panel-grid-cell\" ><div id=\"panel-2094-0-1-0\" class=\"so-panel widget widget_sow-image panel-first-child panel-last-child\" data-index=\"1\" ><div\n\t\t\t\n\t\t\tclass=\"so-widget-sow-image so-widget-sow-image-default-d6014b76747a-2094\"\n\t\t\t\n\t\t>\n\n<div class=\"sow-image-container\">\n\t\t\t<a href=\"https:\/\/harmonicalibrary.de\/bandoneon\/?page_id=1905\"\n\t\t\t\t\t>\n\t\t\t<img src=\"https:\/\/harmonicalibrary.de\/bandoneon\/wp-content\/uploads\/2018\/06\/Bildschirmfoto-2018-06-13-um-13.44.33.png\" width=\"796\" height=\"519\" srcset=\"https:\/\/harmonicalibrary.de\/bandoneon\/wp-content\/uploads\/2018\/06\/Bildschirmfoto-2018-06-13-um-13.44.33.png 796w, https:\/\/harmonicalibrary.de\/bandoneon\/wp-content\/uploads\/2018\/06\/Bildschirmfoto-2018-06-13-um-13.44.33-300x196.png 300w, https:\/\/harmonicalibrary.de\/bandoneon\/wp-content\/uploads\/2018\/06\/Bildschirmfoto-2018-06-13-um-13.44.33-768x501.png 768w, https:\/\/harmonicalibrary.de\/bandoneon\/wp-content\/uploads\/2018\/06\/Bildschirmfoto-2018-06-13-um-13.44.33-414x270.png 414w\" sizes=\"(max-width: 796px) 100vw, 796px\" title=\"Bildschirmfoto 2018-06-13 um 13.44.33\" alt=\"\" loading=\"lazy\" \t\tclass=\"so-widget-image\"\/>\n\t<\/a><\/div>\n\n<\/div><\/div><\/div><\/div><div id=\"pg-2094-1\"  class=\"panel-grid panel-no-style\" ><div id=\"pgc-2094-1-0\"  class=\"panel-grid-cell\" ><div id=\"panel-2094-1-0-0\" class=\"so-panel widget widget_sow-image panel-first-child panel-last-child\" data-index=\"2\" ><div\n\t\t\t\n\t\t\tclass=\"so-widget-sow-image so-widget-sow-image-default-d6014b76747a-2094\"\n\t\t\t\n\t\t>\n\n<div class=\"sow-image-container\">\n\t\t\t<a href=\"https:\/\/harmonicalibrary.de\/bandoneon\/?page_id=2323\"\n\t\t\t\t\t>\n\t\t\t<img src=\"https:\/\/harmonicalibrary.de\/bandoneon\/wp-content\/uploads\/2018\/08\/Bildschirmfoto-2018-08-04-um-21.29.54.png\" width=\"668\" height=\"528\" srcset=\"https:\/\/harmonicalibrary.de\/bandoneon\/wp-content\/uploads\/2018\/08\/Bildschirmfoto-2018-08-04-um-21.29.54.png 668w, https:\/\/harmonicalibrary.de\/bandoneon\/wp-content\/uploads\/2018\/08\/Bildschirmfoto-2018-08-04-um-21.29.54-300x237.png 300w, https:\/\/harmonicalibrary.de\/bandoneon\/wp-content\/uploads\/2018\/08\/Bildschirmfoto-2018-08-04-um-21.29.54-342x270.png 342w\" sizes=\"(max-width: 668px) 100vw, 668px\" title=\"Bildschirmfoto 2018-08-04 um 21.29.54\" alt=\"\" loading=\"lazy\" \t\tclass=\"so-widget-image\"\/>\n\t<\/a><\/div>\n\n<\/div><\/div><\/div><div id=\"pgc-2094-1-1\"  class=\"panel-grid-cell\" ><div id=\"panel-2094-1-1-0\" class=\"so-panel widget widget_sow-editor panel-first-child panel-last-child\" data-index=\"3\" ><div\n\t\t\t\n\t\t\tclass=\"so-widget-sow-editor so-widget-sow-editor-base\"\n\t\t\t\n\t\t><h3 class=\"widget-title\">3 Finger Walzer (Valse \u00e0 3 doigts)<\/h3>\n<div class=\"siteorigin-widget-tinymce textwidget\">\n\t<p>Ein weiterer Walzer, der schon - wie der Name verr\u00e4t - mit nur drei Tasten auf der Diskant-Seite auskommt.<\/p>\n<p><a href=\"https:\/\/harmonicalibrary.de\/bandoneon\/?page_id=2323\">Zum St\u00fcck...<\/a><\/p>\n<\/div>\n<\/div><\/div><\/div><\/div><div id=\"pg-2094-2\"  class=\"panel-grid panel-no-style\" ><div id=\"pgc-2094-2-0\"  class=\"panel-grid-cell\" ><div id=\"panel-2094-2-0-0\" class=\"so-panel widget widget_sow-editor panel-first-child panel-last-child\" data-index=\"4\" ><div\n\t\t\t\n\t\t\tclass=\"so-widget-sow-editor so-widget-sow-editor-base\"\n\t\t\t\n\t\t><h3 class=\"widget-title\">Auld long syne (Nehmt Abschied Br\u00fcder)<\/h3>\n<div class=\"siteorigin-widget-tinymce textwidget\">\n\t<p>Dieses Lied ist eines der bekanntesten Lieder im englischsprachigen Raum und durch die weite Verbreitung bei den Pfadfindern auch in viele Sprachen \u00fcbersetzt worden.<\/p>\n<p><a href=\"https:\/\/harmonicalibrary.de\/bandoneon\/?page_id=2292\">Zum St\u00fcck...<\/a><\/p>\n<\/div>\n<\/div><\/div><\/div><div id=\"pgc-2094-2-1\"  class=\"panel-grid-cell\" ><div id=\"panel-2094-2-1-0\" class=\"so-panel widget widget_sow-image panel-first-child panel-last-child\" data-index=\"5\" ><div\n\t\t\t\n\t\t\tclass=\"so-widget-sow-image so-widget-sow-image-default-d6014b76747a-2094\"\n\t\t\t\n\t\t>\n\n<div class=\"sow-image-container\">\n\t\t\t<a href=\"https:\/\/harmonicalibrary.de\/bandoneon\/?page_id=2292\"\n\t\t\t\t\t>\n\t\t\t<img src=\"https:\/\/harmonicalibrary.de\/bandoneon\/wp-content\/uploads\/2018\/06\/Bildschirmfoto-2018-06-13-um-13.53.27.png\" width=\"727\" height=\"458\" srcset=\"https:\/\/harmonicalibrary.de\/bandoneon\/wp-content\/uploads\/2018\/06\/Bildschirmfoto-2018-06-13-um-13.53.27.png 727w, https:\/\/harmonicalibrary.de\/bandoneon\/wp-content\/uploads\/2018\/06\/Bildschirmfoto-2018-06-13-um-13.53.27-300x189.png 300w, https:\/\/harmonicalibrary.de\/bandoneon\/wp-content\/uploads\/2018\/06\/Bildschirmfoto-2018-06-13-um-13.53.27-429x270.png 429w\" sizes=\"(max-width: 727px) 100vw, 727px\" title=\"Bildschirmfoto 2018-06-13 um 13.53.27\" alt=\"\" loading=\"lazy\" \t\tclass=\"so-widget-image\"\/>\n\t<\/a><\/div>\n\n<\/div><\/div><\/div><\/div><div id=\"pg-2094-3\"  class=\"panel-grid panel-no-style\" ><div id=\"pgc-2094-3-0\"  class=\"panel-grid-cell\" ><div id=\"panel-2094-3-0-0\" class=\"so-panel widget widget_sow-image panel-first-child panel-last-child\" data-index=\"6\" ><div\n\t\t\t\n\t\t\tclass=\"so-widget-sow-image so-widget-sow-image-default-d6014b76747a-2094\"\n\t\t\t\n\t\t>\n\n<div class=\"sow-image-container\">\n\t\t\t<a href=\"https:\/\/harmonicalibrary.de\/bandoneon\/?page_id=2500\"\n\t\t\t\t\t>\n\t\t\t<img src=\"https:\/\/harmonicalibrary.de\/bandoneon\/wp-content\/uploads\/2021\/11\/Bildschirmfoto-2021-11-21-um-21.29.46.png\" width=\"800\" height=\"688\" srcset=\"https:\/\/harmonicalibrary.de\/bandoneon\/wp-content\/uploads\/2021\/11\/Bildschirmfoto-2021-11-21-um-21.29.46.png 800w, https:\/\/harmonicalibrary.de\/bandoneon\/wp-content\/uploads\/2021\/11\/Bildschirmfoto-2021-11-21-um-21.29.46-300x258.png 300w, https:\/\/harmonicalibrary.de\/bandoneon\/wp-content\/uploads\/2021\/11\/Bildschirmfoto-2021-11-21-um-21.29.46-768x660.png 768w, https:\/\/harmonicalibrary.de\/bandoneon\/wp-content\/uploads\/2021\/11\/Bildschirmfoto-2021-11-21-um-21.29.46-314x270.png 314w\" sizes=\"(max-width: 800px) 100vw, 800px\" title=\"Bildschirmfoto 2021-11-21 um 21.29.46\" alt=\"\" loading=\"lazy\" \t\tclass=\"so-widget-image\"\/>\n\t<\/a><\/div>\n\n<\/div><\/div><\/div><div id=\"pgc-2094-3-1\"  class=\"panel-grid-cell\" ><div id=\"panel-2094-3-1-0\" class=\"so-panel widget widget_sow-editor panel-first-child panel-last-child\" data-index=\"7\" ><div\n\t\t\t\n\t\t\tclass=\"so-widget-sow-editor so-widget-sow-editor-base\"\n\t\t\t\n\t\t><h3 class=\"widget-title\">Funny Song<\/h3>\n<div class=\"siteorigin-widget-tinymce textwidget\">\n\t<p>Ein einfaches, fr\u00f6hliches St\u00fcck im 4\/4-Takt. Es werden die drei Akkorde G, D7 und C verwendet. Dabei werden nur wenige Tasten genutzt, so dass zwar die Akkorde nicht vollst\u00e4ndig sind, es sich aber f\u00fcr Anf\u00e4nger sehr leicht spielen l\u00e4sst. Auch die Melodie konzentriert sich auf wenige Tasten.<\/p>\n<p><a title=\"Funny Song\" href=\"https:\/\/harmonicalibrary.de\/bandoneon\/?page_id=2516\">Zum St\u00fcck...<\/a><\/p>\n<\/div>\n<\/div><\/div><\/div><\/div><div id=\"pg-2094-4\"  class=\"panel-grid panel-no-style\" ><div id=\"pgc-2094-4-0\"  class=\"panel-grid-cell\" ><div id=\"panel-2094-4-0-0\" class=\"so-panel widget widget_sow-editor panel-first-child panel-last-child\" data-index=\"8\" ><div\n\t\t\t\n\t\t\tclass=\"so-widget-sow-editor so-widget-sow-editor-base\"\n\t\t\t\n\t\t><h3 class=\"widget-title\">Saarl\u00e4ndler<\/h3>\n<div class=\"siteorigin-widget-tinymce textwidget\">\n\t<p>Ein einfacher L\u00e4ndler im 3\/4-Takt...<\/p>\n<p><a href=\"https:\/\/harmonicalibrary.de\/bandoneon\/?page_id=2500\">Zum St\u00fcck...<\/a><\/p>\n<\/div>\n<\/div><\/div><\/div><div id=\"pgc-2094-4-1\"  class=\"panel-grid-cell\" ><div id=\"panel-2094-4-1-0\" class=\"so-panel widget widget_sow-image panel-first-child panel-last-child\" data-index=\"9\" ><div\n\t\t\t\n\t\t\tclass=\"so-widget-sow-image so-widget-sow-image-default-d6014b76747a-2094\"\n\t\t\t\n\t\t>\n\n<div class=\"sow-image-container\">\n\t\t\t<a href=\"https:\/\/harmonicalibrary.de\/bandoneon\/?page_id=2500\"\n\t\t\t\t\t>\n\t\t\t<img src=\"https:\/\/harmonicalibrary.de\/bandoneon\/wp-content\/uploads\/2019\/05\/Bildschirmfoto-2019-05-05-um-21.01.20.png\" width=\"1856\" height=\"1222\" srcset=\"https:\/\/harmonicalibrary.de\/bandoneon\/wp-content\/uploads\/2019\/05\/Bildschirmfoto-2019-05-05-um-21.01.20.png 1856w, https:\/\/harmonicalibrary.de\/bandoneon\/wp-content\/uploads\/2019\/05\/Bildschirmfoto-2019-05-05-um-21.01.20-300x198.png 300w, https:\/\/harmonicalibrary.de\/bandoneon\/wp-content\/uploads\/2019\/05\/Bildschirmfoto-2019-05-05-um-21.01.20-768x506.png 768w, https:\/\/harmonicalibrary.de\/bandoneon\/wp-content\/uploads\/2019\/05\/Bildschirmfoto-2019-05-05-um-21.01.20-1024x674.png 1024w, https:\/\/harmonicalibrary.de\/bandoneon\/wp-content\/uploads\/2019\/05\/Bildschirmfoto-2019-05-05-um-21.01.20-410x270.png 410w\" sizes=\"(max-width: 1856px) 100vw, 1856px\" title=\"Bildschirmfoto 2019-05-05 um 21.01.20\" alt=\"\" loading=\"lazy\" \t\tclass=\"so-widget-image\"\/>\n\t<\/a><\/div>\n\n<\/div><\/div><\/div><\/div><\/div>","protected":false},"excerpt":{"rendered":"<p>Dieser einfache Walzer ist das erste St\u00fcck aus der Bandonionschule von Otto Luther aus dem Jahr 1892. Es ist recht einfach zu spielen, da es auf jeder Seite nur vier Tasten nutzt, die auch noch alle nebeneinander liegen. Zum St\u00fcck&#8230; Ein weiterer Walzer, der schon &#8211; wie der Name verr\u00e4t &#8211; mit nur drei Tasten &hellip; <\/p>\n<p class=\"read-more\"><a class=\"btn btn-default\" href=\"https:\/\/harmonicalibrary.de\/bandoneon\/?page_id=2094\"> Read More<span class=\"screen-reader-text\">  Read More<\/span><\/a><\/p>\n","protected":false},"author":2,"featured_media":0,"parent":11,"menu_order":7,"comment_status":"closed","ping_status":"closed","template":"","meta":[],"aioseo_notices":[],"_links":{"self":[{"href":"https:\/\/harmonicalibrary.de\/bandoneon\/index.php?rest_route=\/wp\/v2\/pages\/2094"}],"collection":[{"href":"https:\/\/harmonicalibrary.de\/bandoneon\/index.php?rest_route=\/wp\/v2\/pages"}],"about":[{"href":"https:\/\/harmonicalibrary.de\/bandoneon\/index.php?rest_route=\/wp\/v2\/types\/page"}],"author":[{"embeddable":true,"href":"https:\/\/harmonicalibrary.de\/bandoneon\/index.php?rest_route=\/wp\/v2\/users\/2"}],"replies":[{"embeddable":true,"href":"https:\/\/harmonicalibrary.de\/bandoneon\/index.php?rest_route=%2Fwp%2Fv2%2Fcomments&post=2094"}],"version-history":[{"count":32,"href":"https:\/\/harmonicalibrary.de\/bandoneon\/index.php?rest_route=\/wp\/v2\/pages\/2094\/revisions"}],"predecessor-version":[{"id":2542,"href":"https:\/\/harmonicalibrary.de\/bandoneon\/index.php?rest_route=\/wp\/v2\/pages\/2094\/revisions\/2542"}],"up":[{"embeddable":true,"href":"https:\/\/harmonicalibrary.de\/bandoneon\/index.php?rest_route=\/wp\/v2\/pages\/11"}],"wp:attachment":[{"href":"https:\/\/harmonicalibrary.de\/bandoneon\/index.php?rest_route=%2Fwp%2Fv2%2Fmedia&parent=2094"}],"curies":[{"name":"wp","href":"https:\/\/api.w.org\/{rel}","templated":true}]}}