{"id":1901,"date":"2017-08-25T16:07:39","date_gmt":"2017-08-25T14:07:39","guid":{"rendered":"https:\/\/harmonicalibrary.de\/bandoneon\/?page_id=1901"},"modified":"2018-03-21T15:36:31","modified_gmt":"2018-03-21T14:36:31","slug":"erste-toene","status":"publish","type":"page","link":"https:\/\/harmonicalibrary.de\/bandoneon\/?page_id=1901","title":{"rendered":"Erste T\u00f6ne"},"content":{"rendered":"<div id=\"pl-1901\"  class=\"panel-layout\" ><div id=\"pg-1901-0\"  class=\"panel-grid panel-no-style\" ><div id=\"pgc-1901-0-0\"  class=\"panel-grid-cell\" ><div id=\"panel-1901-0-0-0\" class=\"so-panel widget widget_sow-editor panel-first-child panel-last-child\" data-index=\"0\" ><div\n\t\t\t\n\t\t\tclass=\"so-widget-sow-editor so-widget-sow-editor-base\"\n\t\t\t\n\t\t>\n<div class=\"siteorigin-widget-tinymce textwidget\">\n\t<p>Ein gro\u00dfer Vorteil von Handzuginstrumenten allgemein gegen\u00fcber vielen anderen Instrumenten ist, dass die Tonerzeugung f\u00fcr den Spieler erst mal kein allzu gro\u00dfes Problem darstellt.<\/p>\n<p>Um einen Ton zu erzeugen, muss man nur eine Taste dr\u00fccken und den Balg aufziehen oder zudr\u00fccken. F\u00fcr die Dauer dieser Bewegung wird ein Ton erzeugt, der grunds\u00e4tzlich gut klingt.<\/p>\n<p>Was man dabei beachten sollte, ist, dass man die Taste erst dann dr\u00fcckt, wenn man schon Druck im Balg erzeugt hat. Dr\u00fcckt man die Taste zuerst und beginnt dann den Balg zu \u00f6ffnen oder zu schlie\u00dfen, muss sich der Druck im Balg erst einmal aufbauen und der Ton hat nicht von Anfang an den gew\u00fcnschten Klang. Dies gilt auch f\u00fcr das Beenden eines Tons. Der Druck im Balg wird erst dann reduziert, wenn die Taste losgelassen wurde.<\/p>\n<p>Die folgenden Tonbeispiele sind am besten mit Kopfh\u00f6rer zu h\u00f6ren.<\/p>\n<\/div>\n<\/div><\/div><\/div><\/div><div id=\"pg-1901-1\"  class=\"panel-grid panel-no-style\" ><div id=\"pgc-1901-1-0\"  class=\"panel-grid-cell\" ><div id=\"panel-1901-1-0-0\" class=\"so-panel widget widget_media_audio panel-first-child panel-last-child\" data-index=\"1\" ><!--[if lt IE 9]><script>document.createElement('audio');<\/script><![endif]-->\n<audio class=\"wp-audio-shortcode\" id=\"audio-1901-1\" preload=\"none\" style=\"width: 100%;\" controls=\"controls\"><source type=\"audio\/mpeg\" src=\"https:\/\/harmonicalibrary.de\/bandoneon\/wp-content\/uploads\/2017\/08\/Bando_Ton_ohne-Druck.mp3?_=1\" \/><source type=\"audio\/mpeg\" src=\"https:\/\/harmonicalibrary.de\/bandoneon\/wp-content\/uploads\/2017\/08\/Bando_Ton_ohne-Druck.mp3?_=1\" \/><a href=\"https:\/\/harmonicalibrary.de\/bandoneon\/wp-content\/uploads\/2017\/08\/Bando_Ton_ohne-Druck.mp3\">https:\/\/harmonicalibrary.de\/bandoneon\/wp-content\/uploads\/2017\/08\/Bando_Ton_ohne-Druck.mp3<\/a><\/audio><\/div><\/div><div id=\"pgc-1901-1-1\"  class=\"panel-grid-cell\" ><div id=\"panel-1901-1-1-0\" class=\"so-panel widget widget_sow-editor panel-first-child panel-last-child\" data-index=\"2\" ><div\n\t\t\t\n\t\t\tclass=\"so-widget-sow-editor so-widget-sow-editor-base\"\n\t\t\t\n\t\t>\n<div class=\"siteorigin-widget-tinymce textwidget\">\n\t<p>In dem linken Tonbeispiel wird erst die Taste gedr\u00fcckt und dann der Balg bewegt. Man h\u00f6rt, wie sich der Ton erst allm\u00e4hlich aufbaut, genauso wie am Ende, wo der Ton allm\u00e4hlich an Kraft verliert, da der Druck im Balg nachl\u00e4sst.<\/p>\n<\/div>\n<\/div><\/div><\/div><\/div><div id=\"pg-1901-2\"  class=\"panel-grid panel-no-style\" ><div id=\"pgc-1901-2-0\"  class=\"panel-grid-cell\" ><div id=\"panel-1901-2-0-0\" class=\"so-panel widget widget_sow-editor panel-first-child panel-last-child\" data-index=\"3\" ><div\n\t\t\t\n\t\t\tclass=\"so-widget-sow-editor so-widget-sow-editor-base\"\n\t\t\t\n\t\t>\n<div class=\"siteorigin-widget-tinymce textwidget\">\n\t<p>In diesem Beispiel wird erst Druck im Balg aufgebaut und dann die Taste gedr\u00fcckt. Am Ende wird die Taste losgelassen, ohne dass der Druck im Balg vermindert wird.<\/p>\n<\/div>\n<\/div><\/div><\/div><div id=\"pgc-1901-2-1\"  class=\"panel-grid-cell\" ><div id=\"panel-1901-2-1-0\" class=\"so-panel widget widget_media_audio panel-first-child panel-last-child\" data-index=\"4\" ><audio class=\"wp-audio-shortcode\" id=\"audio-1901-2\" preload=\"none\" style=\"width: 100%;\" controls=\"controls\"><source type=\"audio\/mpeg\" src=\"https:\/\/harmonicalibrary.de\/bandoneon\/wp-content\/uploads\/2017\/08\/Bando_Ton_mit-Druck.mp3?_=2\" \/><source type=\"audio\/mpeg\" src=\"https:\/\/harmonicalibrary.de\/bandoneon\/wp-content\/uploads\/2017\/08\/Bando_Ton_mit-Druck.mp3?_=2\" \/><a href=\"https:\/\/harmonicalibrary.de\/bandoneon\/wp-content\/uploads\/2017\/08\/Bando_Ton_mit-Druck.mp3\">https:\/\/harmonicalibrary.de\/bandoneon\/wp-content\/uploads\/2017\/08\/Bando_Ton_mit-Druck.mp3<\/a><\/audio><\/div><\/div><\/div><div id=\"pg-1901-3\"  class=\"panel-grid panel-no-style\" ><div id=\"pgc-1901-3-0\"  class=\"panel-grid-cell\" ><div id=\"panel-1901-3-0-0\" class=\"so-panel widget widget_sow-editor panel-first-child panel-last-child\" data-index=\"5\" ><div\n\t\t\t\n\t\t\tclass=\"so-widget-sow-editor so-widget-sow-editor-base\"\n\t\t\t\n\t\t>\n<div class=\"siteorigin-widget-tinymce textwidget\">\n\t<p>Wenn man die Stimmzungen als das Herz des Bandoneons bezeichnet, dann stellt der Balg die Seele dar.<\/p>\n<p>Die Stimmzungen sind f\u00fcr den Klang der T\u00f6ne zust\u00e4ndig. Um aber einen Ton lebendig werden zu lassen, spielt der Balg eine sehr wichtige Rolle. So wird z.B. die Lautst\u00e4rke eines Tones durch die Kraft bestimmt, mit der man den Balg auseinanderzieht oder zusammendr\u00fcckt.<\/p>\n<\/div>\n<\/div><\/div><\/div><\/div><div id=\"pg-1901-4\"  class=\"panel-grid panel-no-style\" ><div id=\"pgc-1901-4-0\"  class=\"panel-grid-cell\" ><div id=\"panel-1901-4-0-0\" class=\"so-panel widget widget_media_audio panel-first-child panel-last-child\" data-index=\"6\" ><audio class=\"wp-audio-shortcode\" id=\"audio-1901-3\" preload=\"none\" style=\"width: 100%;\" controls=\"controls\"><source type=\"audio\/mpeg\" src=\"https:\/\/harmonicalibrary.de\/bandoneon\/wp-content\/uploads\/2017\/08\/Bando_Ton_an_abschwellend.mp3?_=3\" \/><source type=\"audio\/mpeg\" src=\"https:\/\/harmonicalibrary.de\/bandoneon\/wp-content\/uploads\/2017\/08\/Bando_Ton_an_abschwellend.mp3?_=3\" \/><a href=\"https:\/\/harmonicalibrary.de\/bandoneon\/wp-content\/uploads\/2017\/08\/Bando_Ton_an_abschwellend.mp3\">https:\/\/harmonicalibrary.de\/bandoneon\/wp-content\/uploads\/2017\/08\/Bando_Ton_an_abschwellend.mp3<\/a><\/audio><\/div><\/div><div id=\"pgc-1901-4-1\"  class=\"panel-grid-cell\" ><div id=\"panel-1901-4-1-0\" class=\"so-panel widget widget_sow-editor panel-first-child panel-last-child\" data-index=\"7\" ><div\n\t\t\t\n\t\t\tclass=\"so-widget-sow-editor so-widget-sow-editor-base\"\n\t\t\t\n\t\t>\n<div class=\"siteorigin-widget-tinymce textwidget\">\n\t<p>In diesem Beispiel wird die Kraft, mit der der Balg auseinander gezogen wird, ver\u00e4ndert. Damit hat man die M\u00f6glichkeit, wie z.B. bei Blasinstrumenten, einen Ton lauter und leiser werden zu lassen und so z.B. Spannung zu erzeugen.<\/p>\n<\/div>\n<\/div><\/div><\/div><\/div><div id=\"pg-1901-5\"  class=\"panel-grid panel-no-style\" ><div id=\"pgc-1901-5-0\"  class=\"panel-grid-cell\" ><div id=\"panel-1901-5-0-0\" class=\"so-panel widget widget_sow-editor panel-first-child panel-last-child\" data-index=\"8\" ><div\n\t\t\t\n\t\t\tclass=\"so-widget-sow-editor so-widget-sow-editor-base\"\n\t\t\t\n\t\t>\n<div class=\"siteorigin-widget-tinymce textwidget\">\n\t<p>Hier ein Beispiel, um zu zeigen, dass man auch mit wenig T\u00f6nen durchaus Musik machen kann. Als Grundlage dient ein \"Backing-Track\", also ein St\u00fcck, welches im wesentlichen nur Hintergrundmusik enth\u00e4lt. Dieses ist von der Online-Plattform wikiloops.com und zu finden unter:\u00a0<a href=\"https:\/\/www.wikiloops.com\/backingtrack-jam-14862.php\" target=\"_blank\" rel=\"noopener\">Peace in my heart<\/a>\u00a0und gespielt von dem kanadischen Gitarrenspieler RobJol.<\/p>\n<p>Mit dem Bandoneon wird nur der Ton a gespielt.<\/p>\n<\/div>\n<\/div><\/div><\/div><div id=\"pgc-1901-5-1\"  class=\"panel-grid-cell\" ><div id=\"panel-1901-5-1-0\" class=\"so-panel widget widget_media_audio panel-first-child panel-last-child\" data-index=\"9\" ><audio class=\"wp-audio-shortcode\" id=\"audio-1901-4\" preload=\"none\" style=\"width: 100%;\" controls=\"controls\"><source type=\"audio\/mpeg\" src=\"https:\/\/harmonicalibrary.de\/bandoneon\/wp-content\/uploads\/2017\/08\/Bando_ein_ton_musik.mp3?_=4\" \/><source type=\"audio\/mpeg\" src=\"https:\/\/harmonicalibrary.de\/bandoneon\/wp-content\/uploads\/2017\/08\/Bando_ein_ton_musik.mp3?_=4\" \/><a href=\"https:\/\/harmonicalibrary.de\/bandoneon\/wp-content\/uploads\/2017\/08\/Bando_ein_ton_musik.mp3\">https:\/\/harmonicalibrary.de\/bandoneon\/wp-content\/uploads\/2017\/08\/Bando_ein_ton_musik.mp3<\/a><\/audio><\/div><\/div><\/div><div id=\"pg-1901-6\"  class=\"panel-grid panel-no-style\" ><div id=\"pgc-1901-6-0\"  class=\"panel-grid-cell\" ><div id=\"panel-1901-6-0-0\" class=\"so-panel widget widget_sow-headline panel-first-child panel-last-child\" data-index=\"10\" ><div\n\t\t\t\n\t\t\tclass=\"so-widget-sow-headline so-widget-sow-headline-default-eb58c90b4a68-1901\"\n\t\t\t\n\t\t><div class=\"sow-headline-container \">\n\t<h2 class='sow-headline'>\t\t\t\t\t\t<a href=\"https:\/\/harmonicalibrary.de\/bandoneon\/?page_id=2094\" >\n\t\t\t\t\tWeiter zu: Erste St\u00fccke<\/a><\/h2>\t\t\t\t\t<div class=\"decoration\">\n\t\t\t\t\t\t<div class=\"decoration-inside\"><\/div>\n\t\t\t\t\t<\/div>\n\t\t\t\t\t<\/div><\/div><\/div><\/div><\/div><\/div>","protected":false},"excerpt":{"rendered":"<p>Ein gro\u00dfer Vorteil von Handzuginstrumenten allgemein gegen\u00fcber vielen anderen Instrumenten ist, dass die Tonerzeugung f\u00fcr den Spieler erst mal kein allzu gro\u00dfes Problem darstellt. Um einen Ton zu erzeugen, muss man nur eine Taste dr\u00fccken und den Balg aufziehen oder zudr\u00fccken. F\u00fcr die Dauer dieser Bewegung wird ein Ton erzeugt, der grunds\u00e4tzlich gut klingt. Was &hellip; <\/p>\n<p class=\"read-more\"><a class=\"btn btn-default\" href=\"https:\/\/harmonicalibrary.de\/bandoneon\/?page_id=1901\"> Read More<span class=\"screen-reader-text\">  Read More<\/span><\/a><\/p>\n","protected":false},"author":2,"featured_media":0,"parent":11,"menu_order":6,"comment_status":"closed","ping_status":"closed","template":"","meta":[],"aioseo_notices":[],"_links":{"self":[{"href":"https:\/\/harmonicalibrary.de\/bandoneon\/index.php?rest_route=\/wp\/v2\/pages\/1901"}],"collection":[{"href":"https:\/\/harmonicalibrary.de\/bandoneon\/index.php?rest_route=\/wp\/v2\/pages"}],"about":[{"href":"https:\/\/harmonicalibrary.de\/bandoneon\/index.php?rest_route=\/wp\/v2\/types\/page"}],"author":[{"embeddable":true,"href":"https:\/\/harmonicalibrary.de\/bandoneon\/index.php?rest_route=\/wp\/v2\/users\/2"}],"replies":[{"embeddable":true,"href":"https:\/\/harmonicalibrary.de\/bandoneon\/index.php?rest_route=%2Fwp%2Fv2%2Fcomments&post=1901"}],"version-history":[{"count":43,"href":"https:\/\/harmonicalibrary.de\/bandoneon\/index.php?rest_route=\/wp\/v2\/pages\/1901\/revisions"}],"predecessor-version":[{"id":2231,"href":"https:\/\/harmonicalibrary.de\/bandoneon\/index.php?rest_route=\/wp\/v2\/pages\/1901\/revisions\/2231"}],"up":[{"embeddable":true,"href":"https:\/\/harmonicalibrary.de\/bandoneon\/index.php?rest_route=\/wp\/v2\/pages\/11"}],"wp:attachment":[{"href":"https:\/\/harmonicalibrary.de\/bandoneon\/index.php?rest_route=%2Fwp%2Fv2%2Fmedia&parent=1901"}],"curies":[{"name":"wp","href":"https:\/\/api.w.org\/{rel}","templated":true}]}}