{"id":1478,"date":"2017-06-25T17:09:07","date_gmt":"2017-06-25T15:09:07","guid":{"rendered":"https:\/\/harmonicalibrary.de\/bandoneon\/?page_id=1478"},"modified":"2018-03-21T14:57:14","modified_gmt":"2018-03-21T13:57:14","slug":"noten-und-tasten","status":"publish","type":"page","link":"https:\/\/harmonicalibrary.de\/bandoneon\/?page_id=1478","title":{"rendered":"Tasten und T\u00f6ne"},"content":{"rendered":"<div id=\"pl-1478\"  class=\"panel-layout\" ><div id=\"pg-1478-0\"  class=\"panel-grid panel-no-style\" ><div id=\"pgc-1478-0-0\"  class=\"panel-grid-cell\" ><div id=\"panel-1478-0-0-0\" class=\"so-panel widget widget_sow-editor panel-first-child panel-last-child\" data-index=\"0\" ><div\n\t\t\t\n\t\t\tclass=\"so-widget-sow-editor so-widget-sow-editor-base\"\n\t\t\t\n\t\t>\n<div class=\"siteorigin-widget-tinymce textwidget\">\n\t<p>Die ersten Konzertinas - sozusagen die Urgro\u00dfeltern des Bandoneons - hatten auf jeder Seite 5 Tasten, jede gab unterschiedliche T\u00f6ne bei Zug und Druck von sich (wechselt\u00f6nig).<\/p>\n<p>Damit konnte man mit 10 Tasten insgesamt 20 T\u00f6ne erzeugen. Die Anordnung der T\u00f6ne war dabei so, dass auf Zug bzw. Druck mit mehreren Tasten ein Akkord gespielt werden konnte. Die Anglo-German-Konzertina ist heute noch \u00e4hnlich gebaut, allerdings mit 20 oder 30 Tasten (siehe <a href=\"https:\/\/harmonicalibrary.de\/bandoneon\/?page_id=788\">hier<\/a>).<\/p>\n<p>Mit diesen wenigen Tasten ist nat\u00fcrlich auch nur ein beschr\u00e4nktes Repertoire an Musik m\u00f6glich. Also wurden weitere T\u00f6ne erg\u00e4nzt, da wo Platz war und wo sie sich gut beim Spielen einordnen lie\u00dfen. Da dies unterschiedliche Spieler unterschiedlich sahen, gab es sehr schnell eine Vielzahl von Tastaturanordnungen.<\/p>\n<p>Heinrich Band, ein Musikalienh\u00e4ndler aus Krefeld, konstruierte 1848 eine Konzertina mit 60 T\u00f6nen, die er in Serie produzieren lies und die sp\u00e4ter nach seinem Namen als Bandonion bezeichnet wurde. Die spezielle Anordnung dieser Tasten mit einer guten Spielbarkeit machte wohl den Erfolg aus.<\/p>\n<p>Eine Kernzone von Tasten ist bei den meisten Tastaturlayouts gleich.<\/p>\n<\/div>\n<\/div><\/div><\/div><div id=\"pgc-1478-0-1\"  class=\"panel-grid-cell\" ><div id=\"panel-1478-0-1-0\" class=\"so-panel widget widget_sow-slider panel-first-child\" data-index=\"1\" ><div\n\t\t\t\n\t\t\tclass=\"so-widget-sow-slider so-widget-sow-slider-default-9ec9726c7d41-1478\"\n\t\t\t\n\t\t><div class=\"sow-slider-base\" style=\"display: none\"><ul\n\t\t\t\t\tclass=\"sow-slider-images\"\n\t\t\t\t\tdata-settings=\"{&quot;pagination&quot;:true,&quot;speed&quot;:800,&quot;timeout&quot;:8000,&quot;paused&quot;:false,&quot;pause_on_hover&quot;:false,&quot;swipe&quot;:true,&quot;nav_always_show_desktop&quot;:&quot;&quot;,&quot;nav_always_show_mobile&quot;:&quot;&quot;,&quot;breakpoint&quot;:&quot;780px&quot;,&quot;unmute&quot;:false,&quot;anchor&quot;:null}\"\n\t\t\t\t\t\t\t\t\t\tdata-anchor-id=\"\"\n\t\t\t\t>\t\t<li class=\"sow-slider-image\" style=\"visibility: visible;\" >\n\t\t\t\t\t\t<div class=\"sow-slider-image-container\">\n\t\t\t\t<div class=\"sow-slider-image-wrapper\" style=\"max-width: 1600px\">\n\t\t\t\t\t\t\t\t\t\t<div class=\"sow-slider-image-foreground-wrapper\">\n\t\t\t\t\t\t<img width=\"1600\" height=\"1200\" src=\"https:\/\/harmonicalibrary.de\/bandoneon\/wp-content\/uploads\/2018\/03\/5-Tasten.jpg\" class=\"sow-slider-foreground-image skip-lazy\" alt=\"\" loading=\"eager\" style=\"\" srcset=\"https:\/\/harmonicalibrary.de\/bandoneon\/wp-content\/uploads\/2018\/03\/5-Tasten.jpg 1600w, https:\/\/harmonicalibrary.de\/bandoneon\/wp-content\/uploads\/2018\/03\/5-Tasten-300x225.jpg 300w, https:\/\/harmonicalibrary.de\/bandoneon\/wp-content\/uploads\/2018\/03\/5-Tasten-768x576.jpg 768w, https:\/\/harmonicalibrary.de\/bandoneon\/wp-content\/uploads\/2018\/03\/5-Tasten-1024x768.jpg 1024w, https:\/\/harmonicalibrary.de\/bandoneon\/wp-content\/uploads\/2018\/03\/5-Tasten-360x270.jpg 360w\" sizes=\"(max-width: 1600px) 100vw, 1600px\" \/>\t\t\t\t\t<\/div>\n\t\t\t\t\t\t\t\t\t<\/div>\n\t\t\t<\/div>\n\t\t\t\t\t<\/li>\n\t\t\t\t<li class=\"sow-slider-image\" style=\"visibility: hidden;\" >\n\t\t\t\t\t\t<div class=\"sow-slider-image-container\">\n\t\t\t\t<div class=\"sow-slider-image-wrapper\" style=\"max-width: 1600px\">\n\t\t\t\t\t\t\t\t\t\t<div class=\"sow-slider-image-foreground-wrapper\">\n\t\t\t\t\t\t<img width=\"1600\" height=\"1200\" src=\"https:\/\/harmonicalibrary.de\/bandoneon\/wp-content\/uploads\/2018\/03\/57_6.jpg\" class=\"sow-slider-foreground-image skip-lazy\" alt=\"\" loading=\"eager\" style=\"\" srcset=\"https:\/\/harmonicalibrary.de\/bandoneon\/wp-content\/uploads\/2018\/03\/57_6.jpg 1600w, https:\/\/harmonicalibrary.de\/bandoneon\/wp-content\/uploads\/2018\/03\/57_6-300x225.jpg 300w, https:\/\/harmonicalibrary.de\/bandoneon\/wp-content\/uploads\/2018\/03\/57_6-768x576.jpg 768w, https:\/\/harmonicalibrary.de\/bandoneon\/wp-content\/uploads\/2018\/03\/57_6-1024x768.jpg 1024w, https:\/\/harmonicalibrary.de\/bandoneon\/wp-content\/uploads\/2018\/03\/57_6-360x270.jpg 360w\" sizes=\"(max-width: 1600px) 100vw, 1600px\" \/>\t\t\t\t\t<\/div>\n\t\t\t\t\t\t\t\t\t<\/div>\n\t\t\t<\/div>\n\t\t\t\t\t<\/li>\n\t\t\t\t<li class=\"sow-slider-image\" style=\"visibility: hidden;\" >\n\t\t\t\t\t\t<div class=\"sow-slider-image-container\">\n\t\t\t\t<div class=\"sow-slider-image-wrapper\" style=\"max-width: 1024px\">\n\t\t\t\t\t\t\t\t\t\t<div class=\"sow-slider-image-foreground-wrapper\">\n\t\t\t\t\t\t<img width=\"1024\" height=\"768\" src=\"https:\/\/harmonicalibrary.de\/bandoneon\/wp-content\/uploads\/2017\/06\/57_7.jpg\" class=\"sow-slider-foreground-image skip-lazy\" alt=\"\" loading=\"eager\" style=\"\" srcset=\"https:\/\/harmonicalibrary.de\/bandoneon\/wp-content\/uploads\/2017\/06\/57_7.jpg 1024w, https:\/\/harmonicalibrary.de\/bandoneon\/wp-content\/uploads\/2017\/06\/57_7-300x225.jpg 300w, https:\/\/harmonicalibrary.de\/bandoneon\/wp-content\/uploads\/2017\/06\/57_7-768x576.jpg 768w, https:\/\/harmonicalibrary.de\/bandoneon\/wp-content\/uploads\/2017\/06\/57_7-360x270.jpg 360w\" sizes=\"(max-width: 1024px) 100vw, 1024px\" \/>\t\t\t\t\t<\/div>\n\t\t\t\t\t\t\t\t\t<\/div>\n\t\t\t<\/div>\n\t\t\t\t\t<\/li>\n\t\t\t\t<li class=\"sow-slider-image\" style=\"visibility: hidden;\" >\n\t\t\t\t\t\t<div class=\"sow-slider-image-container\">\n\t\t\t\t<div class=\"sow-slider-image-wrapper\" style=\"max-width: 1024px\">\n\t\t\t\t\t\t\t\t\t\t<div class=\"sow-slider-image-foreground-wrapper\">\n\t\t\t\t\t\t<img width=\"1024\" height=\"768\" src=\"https:\/\/harmonicalibrary.de\/bandoneon\/wp-content\/uploads\/2017\/06\/57.jpg\" class=\"sow-slider-foreground-image skip-lazy\" alt=\"\" loading=\"eager\" style=\"\" srcset=\"https:\/\/harmonicalibrary.de\/bandoneon\/wp-content\/uploads\/2017\/06\/57.jpg 1024w, https:\/\/harmonicalibrary.de\/bandoneon\/wp-content\/uploads\/2017\/06\/57-300x225.jpg 300w, https:\/\/harmonicalibrary.de\/bandoneon\/wp-content\/uploads\/2017\/06\/57-768x576.jpg 768w, https:\/\/harmonicalibrary.de\/bandoneon\/wp-content\/uploads\/2017\/06\/57-360x270.jpg 360w\" sizes=\"(max-width: 1024px) 100vw, 1024px\" \/>\t\t\t\t\t<\/div>\n\t\t\t\t\t\t\t\t\t<\/div>\n\t\t\t<\/div>\n\t\t\t\t\t<\/li>\n\t\t<\/ul>\t\t\t\t<ol class=\"sow-slider-pagination\">\n\t\t\t\t\t\t\t\t\t\t\t<li><a href=\"#\" data-goto=\"0\" aria-label=\"display slide 1\"><\/a><\/li>\n\t\t\t\t\t\t\t\t\t\t\t<li><a href=\"#\" data-goto=\"1\" aria-label=\"display slide 2\"><\/a><\/li>\n\t\t\t\t\t\t\t\t\t\t\t<li><a href=\"#\" data-goto=\"2\" aria-label=\"display slide 3\"><\/a><\/li>\n\t\t\t\t\t\t\t\t\t\t\t<li><a href=\"#\" data-goto=\"3\" aria-label=\"display slide 4\"><\/a><\/li>\n\t\t\t\t\t\t\t\t\t<\/ol>\n\n\t\t\t\t<div class=\"sow-slide-nav sow-slide-nav-next\">\n\t\t\t\t\t<a href=\"#\" data-goto=\"next\" aria-label=\"next slide\" data-action=\"next\">\n\t\t\t\t\t\t<em class=\"sow-sld-icon-medium-right\"><\/em>\n\t\t\t\t\t<\/a>\n\t\t\t\t<\/div>\n\n\t\t\t\t<div class=\"sow-slide-nav sow-slide-nav-prev\">\n\t\t\t\t\t<a href=\"#\" data-goto=\"previous\" aria-label=\"previous slide\" data-action=\"prev\">\n\t\t\t\t\t\t<em class=\"sow-sld-icon-medium-left\"><\/em>\n\t\t\t\t\t<\/a>\n\t\t\t\t<\/div>\n\t\t\t\t<\/div><\/div><\/div><div id=\"panel-1478-0-1-1\" class=\"so-panel widget widget_sow-editor panel-last-child\" data-index=\"2\" ><div\n\t\t\t\n\t\t\tclass=\"so-widget-sow-editor so-widget-sow-editor-base\"\n\t\t\t\n\t\t>\n<div class=\"siteorigin-widget-tinymce textwidget\">\n\t<p>Abbildung 1: Ur-Konzertina mit 10 Tasten. Fotos mit Erlaubnis des Fotografen (http:\/\/www.ebay.de\/usr\/quantockman?euid=293b6eb8b3e84f6ebe8c5e9abf7b9a2f&amp;bu=43177688072&amp;cp=1&amp;sojTags=bu=bu) aus einer ebay-Auktion im August 2016<\/p>\n<\/div>\n<\/div><\/div><\/div><\/div><div id=\"pg-1478-1\"  class=\"panel-grid panel-no-style\" ><div id=\"pgc-1478-1-0\"  class=\"panel-grid-cell\" ><div id=\"panel-1478-1-0-0\" class=\"so-panel widget widget_sow-headline panel-first-child panel-last-child\" data-index=\"3\" ><div\n\t\t\t\n\t\t\tclass=\"so-widget-sow-headline so-widget-sow-headline-default-eb58c90b4a68-1478\"\n\t\t\t\n\t\t><div class=\"sow-headline-container \">\n\t<h2 class='sow-headline'>\t\t\t\t\t\t<a href=\"https:\/\/harmonicalibrary.de\/bandoneon\/?page_id=2192\" >\n\t\t\t\t\tWeiter zu: Zahlen und Zeichen - die Griffschrift<\/a><\/h2>\t\t\t\t\t<div class=\"decoration\">\n\t\t\t\t\t\t<div class=\"decoration-inside\"><\/div>\n\t\t\t\t\t<\/div>\n\t\t\t\t\t<\/div><\/div><\/div><\/div><\/div><\/div>","protected":false},"excerpt":{"rendered":"<p>Die ersten Konzertinas &#8211; sozusagen die Urgro\u00dfeltern des Bandoneons &#8211; hatten auf jeder Seite 5 Tasten, jede gab unterschiedliche T\u00f6ne bei Zug und Druck von sich (wechselt\u00f6nig). Damit konnte man mit 10 Tasten insgesamt 20 T\u00f6ne erzeugen. Die Anordnung der T\u00f6ne war dabei so, dass auf Zug bzw. Druck mit mehreren Tasten ein Akkord gespielt &hellip; <\/p>\n<p class=\"read-more\"><a class=\"btn btn-default\" href=\"https:\/\/harmonicalibrary.de\/bandoneon\/?page_id=1478\"> Read More<span class=\"screen-reader-text\">  Read More<\/span><\/a><\/p>\n","protected":false},"author":2,"featured_media":0,"parent":11,"menu_order":4,"comment_status":"closed","ping_status":"closed","template":"","meta":[],"aioseo_notices":[],"_links":{"self":[{"href":"https:\/\/harmonicalibrary.de\/bandoneon\/index.php?rest_route=\/wp\/v2\/pages\/1478"}],"collection":[{"href":"https:\/\/harmonicalibrary.de\/bandoneon\/index.php?rest_route=\/wp\/v2\/pages"}],"about":[{"href":"https:\/\/harmonicalibrary.de\/bandoneon\/index.php?rest_route=\/wp\/v2\/types\/page"}],"author":[{"embeddable":true,"href":"https:\/\/harmonicalibrary.de\/bandoneon\/index.php?rest_route=\/wp\/v2\/users\/2"}],"replies":[{"embeddable":true,"href":"https:\/\/harmonicalibrary.de\/bandoneon\/index.php?rest_route=%2Fwp%2Fv2%2Fcomments&post=1478"}],"version-history":[{"count":49,"href":"https:\/\/harmonicalibrary.de\/bandoneon\/index.php?rest_route=\/wp\/v2\/pages\/1478\/revisions"}],"predecessor-version":[{"id":2201,"href":"https:\/\/harmonicalibrary.de\/bandoneon\/index.php?rest_route=\/wp\/v2\/pages\/1478\/revisions\/2201"}],"up":[{"embeddable":true,"href":"https:\/\/harmonicalibrary.de\/bandoneon\/index.php?rest_route=\/wp\/v2\/pages\/11"}],"wp:attachment":[{"href":"https:\/\/harmonicalibrary.de\/bandoneon\/index.php?rest_route=%2Fwp%2Fv2%2Fmedia&parent=1478"}],"curies":[{"name":"wp","href":"https:\/\/api.w.org\/{rel}","templated":true}]}}