{"id":1358,"date":"2017-06-19T22:44:40","date_gmt":"2017-06-19T20:44:40","guid":{"rendered":"https:\/\/harmonicalibrary.de\/bandoneon\/?page_id=1358"},"modified":"2019-02-12T12:34:27","modified_gmt":"2019-02-12T11:34:27","slug":"wechseltoeniges-instrument","status":"publish","type":"page","link":"https:\/\/harmonicalibrary.de\/bandoneon\/?page_id=1358","title":{"rendered":"Wechselt\u00f6niges Instrument"},"content":{"rendered":"<div id=\"pl-1358\"  class=\"panel-layout\" ><div id=\"pg-1358-0\"  class=\"panel-grid panel-no-style\" ><div id=\"pgc-1358-0-0\"  class=\"panel-grid-cell\" ><div id=\"panel-1358-0-0-0\" class=\"so-panel widget widget_sow-editor panel-first-child panel-last-child\" data-index=\"0\" ><div\n\t\t\t\n\t\t\tclass=\"so-widget-sow-editor so-widget-sow-editor-base\"\n\t\t\t\n\t\t>\n<div class=\"siteorigin-widget-tinymce textwidget\">\n\t<p>Wechselt\u00f6nige Knopfakkordeons sind in der Regel diatonisch, d.h. sie besitzen nur die T\u00f6ne einer oder weniger Tonarten, oft erg\u00e4nzt um ein paar ausgew\u00e4hlte fehlende chromatische T\u00f6ne.<\/p>\n<p>Aus diesem Grund werden die Begriffe wechselt\u00f6nig und diatonisch oftmals gleichgesetzt, was aber nicht richtig ist.<\/p>\n<p>Die Wechselt\u00f6nigkeit kommt letztendlich von der M\u00f6glichkeit, mit der gleichen Mechanik doppelt so viele T\u00f6ne spielen zu k\u00f6nnen, was die Instrumente in der Herstellung vereinfachte und verbilligte.<\/p>\n<\/div>\n<\/div><\/div><\/div><\/div><div id=\"pg-1358-1\"  class=\"panel-grid panel-no-style\" ><div id=\"pgc-1358-1-0\"  class=\"panel-grid-cell\" ><div id=\"panel-1358-1-0-0\" class=\"so-panel widget widget_sow-headline panel-first-child panel-last-child\" data-index=\"1\" ><div\n\t\t\t\n\t\t\tclass=\"so-widget-sow-headline so-widget-sow-headline-default-eb58c90b4a68-1358\"\n\t\t\t\n\t\t><div class=\"sow-headline-container \">\n\t<h2 class='sow-headline'>Einreihige Handharmonika<\/h2>\t\t\t\t\t<div class=\"decoration\">\n\t\t\t\t\t\t<div class=\"decoration-inside\"><\/div>\n\t\t\t\t\t<\/div>\n\t\t\t\t\t<\/div><\/div><\/div><\/div><\/div><div id=\"pg-1358-2\"  class=\"panel-grid panel-no-style\" ><div id=\"pgc-1358-2-0\"  class=\"panel-grid-cell\" ><div id=\"panel-1358-2-0-0\" class=\"so-panel widget widget_sow-editor panel-first-child panel-last-child\" data-index=\"2\" ><div\n\t\t\t\n\t\t\tclass=\"so-widget-sow-editor so-widget-sow-editor-base\"\n\t\t\t\n\t\t>\n<div class=\"siteorigin-widget-tinymce textwidget\">\n\t<p>Die einfachsten diatonischen Handharmonikas haben auf der Diskant-Seite nur eine Reihe von Tasten und auf der Bass-Seite nur zwei Tasten und eine Lufttaste. Obwohl schon aus der Anfangszeit der Akkordeons, gibt es auch heute noch Musikrichtungen, in denen diese Akkordeon-Art stark verbreitet ist, z.B. in der irischen Musik (<strong>One Row Melodeon<\/strong>) oder in der Cajun-Musik in Amerika (<strong>Cajun-Akkordeon<\/strong>).\u00a0<\/p>\n<p>Dadurch, dass das Instrument nur zwei Bass-Tasten (oder L\u00f6ffel) hat, k\u00f6nnen nur zwei Akkorde gespielt werden (z.B. C-Dur und G-Dur). Dies f\u00fchrt zu einer recht einfachen und urspr\u00fcnglichen Art, Musik zu machen.\u00a0<\/p>\n<p>Die Tonanordnung auf der Diskantseite \u00e4hnelt dem Richter-System bei Mundharmonikas. Damit k\u00f6nnen Mundharmonikaspieler im Prinzip direkt auf dem Instrument spielen.<\/p>\n<p>Da das Instrument immer nur in einer Tonart spielen kann, gibt es die Instrumente in verschiedenen Tonarten.<\/p>\n<figure id=\"attachment_1723\" aria-describedby=\"caption-attachment-1723\" style=\"width: 640px\" class=\"wp-caption aligncenter\"><img loading=\"lazy\" class=\"wp-image-1723 size-large\" src=\"https:\/\/harmonicalibrary.de\/bandoneon\/wp-content\/uploads\/2017\/06\/Bildschirmfoto-2017-08-02-um-10.44.20-1024x522.png\" alt=\"\" width=\"640\" height=\"326\" srcset=\"https:\/\/harmonicalibrary.de\/bandoneon\/wp-content\/uploads\/2017\/06\/Bildschirmfoto-2017-08-02-um-10.44.20-1024x522.png 1024w, https:\/\/harmonicalibrary.de\/bandoneon\/wp-content\/uploads\/2017\/06\/Bildschirmfoto-2017-08-02-um-10.44.20-300x153.png 300w, https:\/\/harmonicalibrary.de\/bandoneon\/wp-content\/uploads\/2017\/06\/Bildschirmfoto-2017-08-02-um-10.44.20-768x392.png 768w, https:\/\/harmonicalibrary.de\/bandoneon\/wp-content\/uploads\/2017\/06\/Bildschirmfoto-2017-08-02-um-10.44.20-530x270.png 530w, https:\/\/harmonicalibrary.de\/bandoneon\/wp-content\/uploads\/2017\/06\/Bildschirmfoto-2017-08-02-um-10.44.20.png 1832w\" sizes=\"(max-width: 640px) 100vw, 640px\" \/><figcaption id=\"caption-attachment-1723\" class=\"wp-caption-text\"><\/p>\n<div style=\"color: black;\">Tastaturbelegung einer einreihigen Harmonika in C-Dur<\/div>\n<p><\/figcaption><\/figure>\n<\/div>\n<\/div><\/div><\/div><div id=\"pgc-1358-2-1\"  class=\"panel-grid-cell\" ><div id=\"panel-1358-2-1-0\" class=\"so-panel widget widget_sow-image panel-first-child panel-last-child\" data-index=\"3\" ><div\n\t\t\t\n\t\t\tclass=\"so-widget-sow-image so-widget-sow-image-default-d6014b76747a-1358\"\n\t\t\t\n\t\t>\n\n<div class=\"sow-image-container\">\n\t\t<img src=\"https:\/\/harmonicalibrary.de\/bandoneon\/wp-content\/uploads\/2017\/05\/melodeon.png\" width=\"302\" height=\"227\" srcset=\"https:\/\/harmonicalibrary.de\/bandoneon\/wp-content\/uploads\/2017\/05\/melodeon.png 302w, https:\/\/harmonicalibrary.de\/bandoneon\/wp-content\/uploads\/2017\/05\/melodeon-300x225.png 300w\" sizes=\"(max-width: 302px) 100vw, 302px\" alt=\"\" loading=\"lazy\" \t\tclass=\"so-widget-image\"\/>\n\t<\/div>\n\n<\/div><\/div><\/div><\/div><div id=\"pg-1358-3\"  class=\"panel-grid panel-no-style\" ><div id=\"pgc-1358-3-0\"  class=\"panel-grid-cell\" ><div id=\"panel-1358-3-0-0\" class=\"so-panel widget widget_sow-headline panel-first-child panel-last-child\" data-index=\"4\" ><div\n\t\t\t\n\t\t\tclass=\"so-widget-sow-headline so-widget-sow-headline-default-eb58c90b4a68-1358\"\n\t\t\t\n\t\t><div class=\"sow-headline-container \">\n\t<h2 class='sow-headline'>Zweireihige Handharmonika - Wiener Modell<\/h2>\t\t\t\t\t<div class=\"decoration\">\n\t\t\t\t\t\t<div class=\"decoration-inside\"><\/div>\n\t\t\t\t\t<\/div>\n\t\t\t\t\t<\/div><\/div><\/div><\/div><\/div><div id=\"pg-1358-4\"  class=\"panel-grid panel-no-style\" ><div id=\"pgc-1358-4-0\"  class=\"panel-grid-cell\" ><div id=\"panel-1358-4-0-0\" class=\"so-panel widget widget_sow-editor panel-first-child panel-last-child\" data-index=\"5\" ><div\n\t\t\t\n\t\t\tclass=\"so-widget-sow-editor so-widget-sow-editor-base\"\n\t\t\t\n\t\t>\n<div class=\"siteorigin-widget-tinymce textwidget\">\n\t<p>Die Anordnung der T\u00f6ne bei den zweireihigen Handharmonikas hat sich \u00fcber die Jahrzehnte fast gar nicht ver\u00e4ndert. Weit verbreitet ist das sogenannte <strong>Wiener-Modell<\/strong>.\u00a0<\/p>\n<p>Auf der Bass-Seite haben diese Instrumente oft nur 8 Bass-Tasten, die auf Zug und Druck jeweils andere B\u00e4sse mit den dazugeh\u00f6rigen Akkorden wiedergeben.<\/p>\n<p>&nbsp;<\/p>\n<\/div>\n<\/div><\/div><\/div><div id=\"pgc-1358-4-1\"  class=\"panel-grid-cell\" ><div id=\"panel-1358-4-1-0\" class=\"so-panel widget widget_sow-image panel-first-child panel-last-child\" data-index=\"6\" ><div\n\t\t\t\n\t\t\tclass=\"so-widget-sow-image so-widget-sow-image-default-d6014b76747a-1358\"\n\t\t\t\n\t\t>\n\n<div class=\"sow-image-container\">\n\t\t<img src=\"https:\/\/harmonicalibrary.de\/bandoneon\/wp-content\/uploads\/2017\/04\/Bandoneon13-front-grad50-e1499030123868.png\" width=\"2196\" height=\"1537\" srcset=\"https:\/\/harmonicalibrary.de\/bandoneon\/wp-content\/uploads\/2017\/04\/Bandoneon13-front-grad50-e1499030123868.png 2196w, https:\/\/harmonicalibrary.de\/bandoneon\/wp-content\/uploads\/2017\/04\/Bandoneon13-front-grad50-e1499030123868-300x210.png 300w, https:\/\/harmonicalibrary.de\/bandoneon\/wp-content\/uploads\/2017\/04\/Bandoneon13-front-grad50-e1499030123868-768x538.png 768w, https:\/\/harmonicalibrary.de\/bandoneon\/wp-content\/uploads\/2017\/04\/Bandoneon13-front-grad50-e1499030123868-1024x717.png 1024w, https:\/\/harmonicalibrary.de\/bandoneon\/wp-content\/uploads\/2017\/04\/Bandoneon13-front-grad50-e1499030123868-386x270.png 386w\" sizes=\"(max-width: 2196px) 100vw, 2196px\" title=\"Bandoneon13 front grad50\" alt=\"\" loading=\"lazy\" \t\tclass=\"so-widget-image\"\/>\n\t<\/div>\n\n<\/div><\/div><\/div><\/div><div id=\"pg-1358-5\"  class=\"panel-grid panel-no-style\" ><div id=\"pgc-1358-5-0\"  class=\"panel-grid-cell\" ><div id=\"panel-1358-5-0-0\" class=\"so-panel widget widget_sow-headline panel-first-child panel-last-child\" data-index=\"7\" ><div\n\t\t\t\n\t\t\tclass=\"so-widget-sow-headline so-widget-sow-headline-default-eb58c90b4a68-1358\"\n\t\t\t\n\t\t><div class=\"sow-headline-container \">\n\t<h2 class='sow-headline'>Deutsches Club-Modell<\/h2>\t\t\t\t\t<div class=\"decoration\">\n\t\t\t\t\t\t<div class=\"decoration-inside\"><\/div>\n\t\t\t\t\t<\/div>\n\t\t\t\t\t<\/div><\/div><\/div><\/div><\/div><div id=\"pg-1358-6\"  class=\"panel-grid panel-no-style\" ><div id=\"pgc-1358-6-0\"  class=\"panel-grid-cell\" ><div id=\"panel-1358-6-0-0\" class=\"so-panel widget widget_sow-editor panel-first-child panel-last-child\" data-index=\"8\" ><div\n\t\t\t\n\t\t\tclass=\"so-widget-sow-editor so-widget-sow-editor-base\"\n\t\t\t\n\t\t>\n<div class=\"siteorigin-widget-tinymce textwidget\">\n\t<p>Unter dem allgemeinen Begriff diatonische Handharmonika wird sehr oft das <strong>deutsche Club-Modell<\/strong> verstanden. Dieses besteht auf der Diskant-Seite aus zwei Reihen Tasten, die jeweils einer Tonart zugeordnet sind (meist C-F) sowie einer dritten Reihe, in der chromatisch fehlende T\u00f6ne erg\u00e4nzt sind.<\/p>\n<p>Ein wichtiges Erkennungsmerkmal der Clubmodelle ist der Gleichton in der zweiten Reihe, eine Taste, die auf Zug und Druck den gleichen Ton erzeugt. Dieser ist bei den Wiener Modellen nicht vorhanden.<\/p>\n<p>Im Gegensatz zu den Wienermodellen ist auf der Bass-Seite ein zus\u00e4tzlicher Akkord vorhanden. Bei den Wiener-Modellen ist auf einer Taste ein Akkord in beiden Richtungen gleich.<\/p>\n<\/div>\n<\/div><\/div><\/div><div id=\"pgc-1358-6-1\"  class=\"panel-grid-cell\" ><div id=\"panel-1358-6-1-0\" class=\"so-panel widget widget_sow-image panel-first-child panel-last-child\" data-index=\"9\" ><div\n\t\t\t\n\t\t\tclass=\"so-widget-sow-image so-widget-sow-image-default-d6014b76747a-1358\"\n\t\t\t\n\t\t>\n\n<div class=\"sow-image-container\">\n\t\t<img src=\"https:\/\/harmonicalibrary.de\/bandoneon\/wp-content\/uploads\/2017\/04\/Bandoneon12-front-grad50.png\" width=\"3660\" height=\"2742\" srcset=\"https:\/\/harmonicalibrary.de\/bandoneon\/wp-content\/uploads\/2017\/04\/Bandoneon12-front-grad50.png 3660w, https:\/\/harmonicalibrary.de\/bandoneon\/wp-content\/uploads\/2017\/04\/Bandoneon12-front-grad50-300x225.png 300w, https:\/\/harmonicalibrary.de\/bandoneon\/wp-content\/uploads\/2017\/04\/Bandoneon12-front-grad50-768x575.png 768w, https:\/\/harmonicalibrary.de\/bandoneon\/wp-content\/uploads\/2017\/04\/Bandoneon12-front-grad50-1024x767.png 1024w, https:\/\/harmonicalibrary.de\/bandoneon\/wp-content\/uploads\/2017\/04\/Bandoneon12-front-grad50-360x270.png 360w\" sizes=\"(max-width: 3660px) 100vw, 3660px\" title=\"Bandoneon12 front grad50\" alt=\"\" loading=\"lazy\" \t\tclass=\"so-widget-image\"\/>\n\t<\/div>\n\n<\/div><\/div><\/div><\/div><div id=\"pg-1358-7\"  class=\"panel-grid panel-no-style\" ><div id=\"pgc-1358-7-0\"  class=\"panel-grid-cell\" ><div id=\"panel-1358-7-0-0\" class=\"so-panel widget widget_sow-headline panel-first-child panel-last-child\" data-index=\"10\" ><div\n\t\t\t\n\t\t\tclass=\"so-widget-sow-headline so-widget-sow-headline-default-eb58c90b4a68-1358\"\n\t\t\t\n\t\t><div class=\"sow-headline-container \">\n\t<h2 class='sow-headline'>Steirische Harmonika<\/h2>\t\t\t\t\t<div class=\"decoration\">\n\t\t\t\t\t\t<div class=\"decoration-inside\"><\/div>\n\t\t\t\t\t<\/div>\n\t\t\t\t\t<\/div><\/div><\/div><\/div><\/div><div id=\"pg-1358-8\"  class=\"panel-grid panel-no-style\" ><div id=\"pgc-1358-8-0\"  class=\"panel-grid-cell\" ><div id=\"panel-1358-8-0-0\" class=\"so-panel widget widget_sow-editor panel-first-child panel-last-child\" data-index=\"11\" ><div\n\t\t\t\n\t\t\tclass=\"so-widget-sow-editor so-widget-sow-editor-base\"\n\t\t\t\n\t\t>\n<div class=\"siteorigin-widget-tinymce textwidget\">\n\t<p>Die Steirische Harmonika ist heute noch sehr beliebt in der Volksmusik, vor allem in \u00d6sterreich, S\u00fcdtirol, Tschechien, Slowenien und Bayern.<\/p>\n<p>Der wesentliche Unterschied zu anderen diatonischen Handharmonikas sind die Helikon-B\u00e4sse, sehr tiefe B\u00e4sse, die an den Klang der Helikontuba, eines Blechblasinstrumentes, erinnern.<\/p>\n<p>Wie die Clubmodelle haben auch die Steirischen Harmonikas Gleicht\u00f6ne, also Tasten, die bei Zug und Druck den gleichen Ton erzeugen.<\/p>\n<\/div>\n<\/div><\/div><\/div><div id=\"pgc-1358-8-1\"  class=\"panel-grid-cell\" ><div id=\"panel-1358-8-1-0\" class=\"so-panel widget widget_sow-image panel-first-child panel-last-child\" data-index=\"12\" ><div\n\t\t\t\n\t\t\tclass=\"so-widget-sow-image so-widget-sow-image-default-d6014b76747a-1358\"\n\t\t\t\n\t\t>\n\n<div class=\"sow-image-container\">\n\t\t<img src=\"https:\/\/harmonicalibrary.de\/bandoneon\/wp-content\/uploads\/2017\/05\/mehrere-reihen-.png\" width=\"482\" height=\"346\" srcset=\"https:\/\/harmonicalibrary.de\/bandoneon\/wp-content\/uploads\/2017\/05\/mehrere-reihen-.png 482w, https:\/\/harmonicalibrary.de\/bandoneon\/wp-content\/uploads\/2017\/05\/mehrere-reihen--300x215.png 300w, https:\/\/harmonicalibrary.de\/bandoneon\/wp-content\/uploads\/2017\/05\/mehrere-reihen--376x270.png 376w\" sizes=\"(max-width: 482px) 100vw, 482px\" title=\"mehrere reihen\" alt=\"\" loading=\"lazy\" \t\tclass=\"so-widget-image\"\/>\n\t<\/div>\n\n<\/div><\/div><\/div><\/div><div id=\"pg-1358-9\"  class=\"panel-grid panel-no-style\" ><div id=\"pgc-1358-9-0\"  class=\"panel-grid-cell\" ><div id=\"panel-1358-9-0-0\" class=\"so-panel widget widget_sow-headline panel-first-child panel-last-child\" data-index=\"13\" ><div\n\t\t\t\n\t\t\tclass=\"so-widget-sow-headline so-widget-sow-headline-default-eb58c90b4a68-1358\"\n\t\t\t\n\t\t><div class=\"sow-headline-container \">\n\t<h2 class='sow-headline'>Accord\u00e9on diatonique und Melodeon<\/h2>\t\t\t\t\t<div class=\"decoration\">\n\t\t\t\t\t\t<div class=\"decoration-inside\"><\/div>\n\t\t\t\t\t<\/div>\n\t\t\t\t\t<\/div><\/div><\/div><\/div><\/div><div id=\"pg-1358-10\"  class=\"panel-grid panel-no-style\" ><div id=\"pgc-1358-10-0\"  class=\"panel-grid-cell\" ><div id=\"panel-1358-10-0-0\" class=\"so-panel widget widget_sow-editor panel-first-child panel-last-child\" data-index=\"14\" ><div\n\t\t\t\n\t\t\tclass=\"so-widget-sow-editor so-widget-sow-editor-base\"\n\t\t\t\n\t\t>\n<div class=\"siteorigin-widget-tinymce textwidget\">\n\t<p>In Frankreich ist das <strong>Accord\u00e9on diatonique<\/strong> noch weit verbreitet, z.B. in der Bretagne. Es wird dort auch viel und gerne von jungen Menschen gespielt.<\/p>\n<p>Im Prinzip ist das Accord\u00e9on diatonique ein Wiener Modell. Oftmals werden aber die zus\u00e4tzlichen T\u00f6ne, die nicht in den verwendeten Tonarten vorhanden sind, in einer dritten Reihe erg\u00e4nzt, die sogenannten Accidentals.<\/p>\n<p>In Frankreich wird meist in der Tonart G\/C gespielt.<\/p>\n<p>\u00c4hnliches gilt f\u00fcr das <strong>Melodeon<\/strong> in England und Irland. Allerdings ist die Stimmung der Instrumente etwas anders, so sind die beiden Tonarten nur um einen Halbton auseinander, meist ist es die Stimmung B\/C (deutsch H\/C).<\/p>\n<p>Der Vorteil liegt darin, dass auf diese Art und Weise der Stimmung alle T\u00f6ne der chromatischen Tonleiter auf dem Instrument vorhanden sind. Chromatische Mundharmonikas (die mit dem Schieber) sind nach dem gleichen Prinzip aufgebaut.<\/p>\n<\/div>\n<\/div><\/div><\/div><div id=\"pgc-1358-10-1\"  class=\"panel-grid-cell\" ><div id=\"panel-1358-10-1-0\" class=\"so-panel widget widget_sow-image panel-first-child panel-last-child\" data-index=\"15\" ><div\n\t\t\t\n\t\t\tclass=\"so-widget-sow-image so-widget-sow-image-default-d6014b76747a-1358\"\n\t\t\t\n\t\t>\n\n<div class=\"sow-image-container\">\n\t\t<img src=\"https:\/\/harmonicalibrary.de\/bandoneon\/wp-content\/uploads\/2019\/02\/IMG_4644-3.jpg\" width=\"4032\" height=\"2399\" srcset=\"https:\/\/harmonicalibrary.de\/bandoneon\/wp-content\/uploads\/2019\/02\/IMG_4644-3.jpg 4032w, https:\/\/harmonicalibrary.de\/bandoneon\/wp-content\/uploads\/2019\/02\/IMG_4644-3-300x178.jpg 300w, https:\/\/harmonicalibrary.de\/bandoneon\/wp-content\/uploads\/2019\/02\/IMG_4644-3-768x457.jpg 768w, https:\/\/harmonicalibrary.de\/bandoneon\/wp-content\/uploads\/2019\/02\/IMG_4644-3-1024x609.jpg 1024w, https:\/\/harmonicalibrary.de\/bandoneon\/wp-content\/uploads\/2019\/02\/IMG_4644-3-454x270.jpg 454w\" sizes=\"(max-width: 4032px) 100vw, 4032px\" title=\"&lt;span style=&quot;color:black&quot;&gt;Accord\u00e9on diatonique. Links Marke Hohner, 8 B\u00e4sse, 2 Accidentals; Rechts Marke Maugein, 12 B\u00e4sse, 10 Accidentals&lt;\/span&gt;\" alt=\"\" loading=\"lazy\" \t\tclass=\"so-widget-image\"\/>\n\t<\/div>\n\n<\/div><\/div><\/div><\/div><\/div>","protected":false},"excerpt":{"rendered":"<p>Wechselt\u00f6nige Knopfakkordeons sind in der Regel diatonisch, d.h. sie besitzen nur die T\u00f6ne einer oder weniger Tonarten, oft erg\u00e4nzt um ein paar ausgew\u00e4hlte fehlende chromatische T\u00f6ne. Aus diesem Grund werden die Begriffe wechselt\u00f6nig und diatonisch oftmals gleichgesetzt, was aber nicht richtig ist. Die Wechselt\u00f6nigkeit kommt letztendlich von der M\u00f6glichkeit, mit der gleichen Mechanik doppelt so &hellip; <\/p>\n<p class=\"read-more\"><a class=\"btn btn-default\" href=\"https:\/\/harmonicalibrary.de\/bandoneon\/?page_id=1358\"> Read More<span class=\"screen-reader-text\">  Read More<\/span><\/a><\/p>\n","protected":false},"author":2,"featured_media":0,"parent":304,"menu_order":2,"comment_status":"closed","ping_status":"closed","template":"","meta":[],"aioseo_notices":[],"_links":{"self":[{"href":"https:\/\/harmonicalibrary.de\/bandoneon\/index.php?rest_route=\/wp\/v2\/pages\/1358"}],"collection":[{"href":"https:\/\/harmonicalibrary.de\/bandoneon\/index.php?rest_route=\/wp\/v2\/pages"}],"about":[{"href":"https:\/\/harmonicalibrary.de\/bandoneon\/index.php?rest_route=\/wp\/v2\/types\/page"}],"author":[{"embeddable":true,"href":"https:\/\/harmonicalibrary.de\/bandoneon\/index.php?rest_route=\/wp\/v2\/users\/2"}],"replies":[{"embeddable":true,"href":"https:\/\/harmonicalibrary.de\/bandoneon\/index.php?rest_route=%2Fwp%2Fv2%2Fcomments&post=1358"}],"version-history":[{"count":49,"href":"https:\/\/harmonicalibrary.de\/bandoneon\/index.php?rest_route=\/wp\/v2\/pages\/1358\/revisions"}],"predecessor-version":[{"id":2490,"href":"https:\/\/harmonicalibrary.de\/bandoneon\/index.php?rest_route=\/wp\/v2\/pages\/1358\/revisions\/2490"}],"up":[{"embeddable":true,"href":"https:\/\/harmonicalibrary.de\/bandoneon\/index.php?rest_route=\/wp\/v2\/pages\/304"}],"wp:attachment":[{"href":"https:\/\/harmonicalibrary.de\/bandoneon\/index.php?rest_route=%2Fwp%2Fv2%2Fmedia&parent=1358"}],"curies":[{"name":"wp","href":"https:\/\/api.w.org\/{rel}","templated":true}]}}