{"id":1227,"date":"2017-06-18T08:00:42","date_gmt":"2017-06-18T06:00:42","guid":{"rendered":"https:\/\/harmonicalibrary.de\/bandoneon\/?page_id=1227"},"modified":"2018-12-14T23:04:50","modified_gmt":"2018-12-14T22:04:50","slug":"pianoakkordeon-neu","status":"publish","type":"page","link":"https:\/\/harmonicalibrary.de\/bandoneon\/?page_id=1227","title":{"rendered":"Pianoakkordeon"},"content":{"rendered":"<div id=\"pl-1227\"  class=\"panel-layout\" ><div id=\"pg-1227-0\"  class=\"panel-grid panel-no-style\" ><div id=\"pgc-1227-0-0\"  class=\"panel-grid-cell\" ><div id=\"panel-1227-0-0-0\" class=\"so-panel widget widget_sow-editor panel-first-child panel-last-child\" data-index=\"0\" ><div\n\t\t\t\n\t\t\tclass=\"so-widget-sow-editor so-widget-sow-editor-base\"\n\t\t\t\n\t\t>\n<div class=\"siteorigin-widget-tinymce textwidget\">\n\t<p><img loading=\"lazy\" class=\"alignleft wp-image-1251 size-medium\" src=\"https:\/\/harmonicalibrary.de\/bandoneon\/wp-content\/uploads\/2017\/06\/akkordeon_seite_klein-300x224.png\" alt=\"\" width=\"300\" height=\"224\" srcset=\"https:\/\/harmonicalibrary.de\/bandoneon\/wp-content\/uploads\/2017\/06\/akkordeon_seite_klein-300x224.png 300w, https:\/\/harmonicalibrary.de\/bandoneon\/wp-content\/uploads\/2017\/06\/akkordeon_seite_klein-768x575.png 768w, https:\/\/harmonicalibrary.de\/bandoneon\/wp-content\/uploads\/2017\/06\/akkordeon_seite_klein.png 1024w, https:\/\/harmonicalibrary.de\/bandoneon\/wp-content\/uploads\/2017\/06\/akkordeon_seite_klein-361x270.png 361w\" sizes=\"(max-width: 300px) 100vw, 300px\" \/>Ein Pianoakkordeon hat auf der Diskant-Seite Tasten wie ein Klavier. Das macht das Spielen von Melodien auf einem Akkordeon recht einfach.<\/p>\n<p>Auf der Bass-Seite haben die meisten Pianoakkordeons ein sogenanntes <b>Stradella-Bass-System<\/b>. Dieses erlaubt eine sehr einfache Bass-Akkord-Begleitung. Jedem Bass-Ton sind in der Diagonalen Tasten zugeordnet, die einen passenden Dur-Akkord, einen Moll-Akkord, einen Dominant-Sept-Akkord und evtl. einen verminderten Dominant-Sept-Akkord ergeben.<\/p>\n<p>Um eine Orientierung auf den Tasten zu haben, ist die Taste des Bass-Tons C in der Regel konkav (also nach innen gew\u00f6lbt) w\u00e4hrend die anderen Tasten konvex (also nach au\u00dfen gew\u00f6lbt) sind. Oft sind auch noch Tasten der Bass-T\u00f6ne As und E markiert, z.B. durch Riffelungen.<\/p>\n<\/div>\n<\/div><\/div><\/div><\/div><div id=\"pg-1227-1\"  class=\"panel-grid panel-no-style\" ><div id=\"pgc-1227-1-0\"  class=\"panel-grid-cell\" ><div id=\"panel-1227-1-0-0\" class=\"so-panel widget widget_sow-image panel-first-child\" data-index=\"1\" ><div\n\t\t\t\n\t\t\tclass=\"so-widget-sow-image so-widget-sow-image-default-d6014b76747a-1227\"\n\t\t\t\n\t\t>\n\n<div class=\"sow-image-container\">\n\t\t<img src=\"https:\/\/harmonicalibrary.de\/bandoneon\/wp-content\/uploads\/2017\/05\/Akkordeon_Bass.svg_.png\" width=\"790\" height=\"345\" srcset=\"https:\/\/harmonicalibrary.de\/bandoneon\/wp-content\/uploads\/2017\/05\/Akkordeon_Bass.svg_.png 790w, https:\/\/harmonicalibrary.de\/bandoneon\/wp-content\/uploads\/2017\/05\/Akkordeon_Bass.svg_-300x131.png 300w, https:\/\/harmonicalibrary.de\/bandoneon\/wp-content\/uploads\/2017\/05\/Akkordeon_Bass.svg_-768x335.png 768w, https:\/\/harmonicalibrary.de\/bandoneon\/wp-content\/uploads\/2017\/05\/Akkordeon_Bass.svg_-604x264.png 604w\" sizes=\"(max-width: 790px) 100vw, 790px\" title=\"By Mitschimitsch (Own work) [CC0], via Wikimedia Commons\" alt=\"\" loading=\"lazy\" \t\tclass=\"so-widget-image\"\/>\n\t<\/div>\n\n<\/div><\/div><div id=\"panel-1227-1-0-1\" class=\"so-panel widget widget_sow-editor panel-last-child\" data-index=\"2\" ><div\n\t\t\t\n\t\t\tclass=\"so-widget-sow-editor so-widget-sow-editor-base\"\n\t\t\t\n\t\t>\n<div class=\"siteorigin-widget-tinymce textwidget\">\n\t<h4>By Mitschimitsch (Own work) [CC0], via Wikimedia Commons<\/h4>\n<p>Bei einem 48-Bass Akkordeon sind im Prinzip alle Tonarten verf\u00fcgbar, es fehlen allerdings die Septime- und verminderte Septime-Reihe. Ein 72-Bass Akkordeon ist insoweit vollst\u00e4ndig. Um den Wechsel der \u00e4u\u00dferen Akkorde von oben nach unten zu erleichtern, werden bei den gr\u00f6\u00dferen Instrumenten die Akkorde einfach wiederholt (wobei Fis-Dur = Ges-Dur ist, Cis-Dur = Des-Dur usw.)<\/p>\n<p>Es gibt aber auch Akkordeons, bei denen auf der Bass-Seite Einzelt\u00f6ne gespielt werden k\u00f6nnen (Free-Bass), oder bei denen zwischen Einzelt\u00f6nen und Akkorden umgeschaltet werden kann (Converter).<\/p>\n<\/div>\n<\/div><\/div><\/div><\/div><\/div>","protected":false},"excerpt":{"rendered":"<p>Ein Pianoakkordeon hat auf der Diskant-Seite Tasten wie ein Klavier. Das macht das Spielen von Melodien auf einem Akkordeon recht einfach. Auf der Bass-Seite haben die meisten Pianoakkordeons ein sogenanntes Stradella-Bass-System. Dieses erlaubt eine sehr einfache Bass-Akkord-Begleitung. Jedem Bass-Ton sind in der Diagonalen Tasten zugeordnet, die einen passenden Dur-Akkord, einen Moll-Akkord, einen Dominant-Sept-Akkord und evtl. &hellip; <\/p>\n<p class=\"read-more\"><a class=\"btn btn-default\" href=\"https:\/\/harmonicalibrary.de\/bandoneon\/?page_id=1227\"> Read More<span class=\"screen-reader-text\">  Read More<\/span><\/a><\/p>\n","protected":false},"author":2,"featured_media":0,"parent":1211,"menu_order":0,"comment_status":"closed","ping_status":"closed","template":"","meta":[],"aioseo_notices":[],"_links":{"self":[{"href":"https:\/\/harmonicalibrary.de\/bandoneon\/index.php?rest_route=\/wp\/v2\/pages\/1227"}],"collection":[{"href":"https:\/\/harmonicalibrary.de\/bandoneon\/index.php?rest_route=\/wp\/v2\/pages"}],"about":[{"href":"https:\/\/harmonicalibrary.de\/bandoneon\/index.php?rest_route=\/wp\/v2\/types\/page"}],"author":[{"embeddable":true,"href":"https:\/\/harmonicalibrary.de\/bandoneon\/index.php?rest_route=\/wp\/v2\/users\/2"}],"replies":[{"embeddable":true,"href":"https:\/\/harmonicalibrary.de\/bandoneon\/index.php?rest_route=%2Fwp%2Fv2%2Fcomments&post=1227"}],"version-history":[{"count":24,"href":"https:\/\/harmonicalibrary.de\/bandoneon\/index.php?rest_route=\/wp\/v2\/pages\/1227\/revisions"}],"predecessor-version":[{"id":2429,"href":"https:\/\/harmonicalibrary.de\/bandoneon\/index.php?rest_route=\/wp\/v2\/pages\/1227\/revisions\/2429"}],"up":[{"embeddable":true,"href":"https:\/\/harmonicalibrary.de\/bandoneon\/index.php?rest_route=\/wp\/v2\/pages\/1211"}],"wp:attachment":[{"href":"https:\/\/harmonicalibrary.de\/bandoneon\/index.php?rest_route=%2Fwp%2Fv2%2Fmedia&parent=1227"}],"curies":[{"name":"wp","href":"https:\/\/api.w.org\/{rel}","templated":true}]}}