{"id":1157,"date":"2017-06-16T11:09:29","date_gmt":"2017-06-16T09:09:29","guid":{"rendered":"https:\/\/harmonicalibrary.de\/bandoneon\/?page_id=1157"},"modified":"2018-12-16T18:45:35","modified_gmt":"2018-12-16T17:45:35","slug":"weitere-informationen","status":"publish","type":"page","link":"https:\/\/harmonicalibrary.de\/bandoneon\/?page_id=1157","title":{"rendered":"Weitere Informationen"},"content":{"rendered":"<div id=\"pl-1157\"  class=\"panel-layout\" ><div id=\"pg-1157-0\"  class=\"panel-grid panel-no-style\" ><div id=\"pgc-1157-0-0\"  class=\"panel-grid-cell\" ><div id=\"panel-1157-0-0-0\" class=\"so-panel widget widget_sow-editor panel-first-child panel-last-child\" data-index=\"0\" ><div\n\t\t\t\n\t\t\tclass=\"so-widget-sow-editor so-widget-sow-editor-base\"\n\t\t\t\n\t\t>\n<div class=\"siteorigin-widget-tinymce textwidget\">\n\t<p>Hier finden Sie weitere gesammelte Informationen zum Thema Bandoneon:<\/p>\n<ul style=\"list-style-type: square;\">\n<li>Schulen<\/li>\n<li>Bandoneon-Vereine<\/li>\n<li>Lehrerinnen, Lehrer und Ausbildungsst\u00e4tten<\/li>\n<li>Hersteller und Reparaturwerkst\u00e4tten<\/li>\n<li>Weiterf\u00fchrende Links<\/li>\n<\/ul>\n<\/div>\n<\/div><\/div><\/div><\/div><div id=\"pg-1157-1\"  class=\"panel-grid panel-no-style\" ><div id=\"pgc-1157-1-0\"  class=\"panel-grid-cell\" ><div id=\"panel-1157-1-0-0\" class=\"so-panel widget widget_sow-headline panel-first-child panel-last-child\" data-index=\"1\" ><div\n\t\t\t\n\t\t\tclass=\"so-widget-sow-headline so-widget-sow-headline-default-eb58c90b4a68-1157\"\n\t\t\t\n\t\t><div class=\"sow-headline-container \">\n\t<h2 class='sow-headline'>Schulen<\/h2>\t\t\t\t\t<div class=\"decoration\">\n\t\t\t\t\t\t<div class=\"decoration-inside\"><\/div>\n\t\t\t\t\t<\/div>\n\t\t\t\t\t<\/div><\/div><\/div><\/div><\/div><div id=\"pg-1157-2\"  class=\"panel-grid panel-no-style\" ><div id=\"pgc-1157-2-0\"  class=\"panel-grid-cell\" ><div id=\"panel-1157-2-0-0\" class=\"so-panel widget widget_sow-editor panel-first-child panel-last-child\" data-index=\"2\" ><div\n\t\t\t\n\t\t\tclass=\"so-widget-sow-editor so-widget-sow-editor-base\"\n\t\t\t\n\t\t>\n<div class=\"siteorigin-widget-tinymce textwidget\">\n\t<p>Da das Bandoneon nicht mehr so verbreitet ist, gibt es auch wenig neuere Schulen zum Selbststudium. Alte Schulen sind zum Teil nicht mehr lieferbar und werden von den Verlagen auch nicht mehr aufgelegt. Gelegentlich findet man mehr oder weniger gut erhaltene Exemplare bei eBay oder im Antiquariat.<\/p>\n<p><a href=\"https:\/\/harmonicalibrary.de\/bandoneon\/?page_id=1995\">Weiter...<\/a><\/p>\n<\/div>\n<\/div><\/div><\/div><div id=\"pgc-1157-2-1\"  class=\"panel-grid-cell\" ><div id=\"panel-1157-2-1-0\" class=\"so-panel widget widget_sow-image panel-first-child panel-last-child\" data-index=\"3\" ><div\n\t\t\t\n\t\t\tclass=\"so-widget-sow-image so-widget-sow-image-default-d6014b76747a-1157\"\n\t\t\t\n\t\t>\n\n<div class=\"sow-image-container\">\n\t\t\t<a href=\"https:\/\/harmonicalibrary.de\/bandoneon\/?page_id=1995\"\n\t\t\t\t\t>\n\t\t\t<img src=\"https:\/\/harmonicalibrary.de\/bandoneon\/wp-content\/uploads\/2017\/04\/Schulen_klein-300x225.png\" width=\"300\" height=\"225\" srcset=\"https:\/\/harmonicalibrary.de\/bandoneon\/wp-content\/uploads\/2017\/04\/Schulen_klein-300x225.png 300w, https:\/\/harmonicalibrary.de\/bandoneon\/wp-content\/uploads\/2017\/04\/Schulen_klein-768x576.png 768w, https:\/\/harmonicalibrary.de\/bandoneon\/wp-content\/uploads\/2017\/04\/Schulen_klein.png 1024w, https:\/\/harmonicalibrary.de\/bandoneon\/wp-content\/uploads\/2017\/04\/Schulen_klein-360x270.png 360w\" sizes=\"(max-width: 300px) 100vw, 300px\" alt=\"\" loading=\"lazy\" \t\tclass=\"so-widget-image\"\/>\n\t<\/a><\/div>\n\n<\/div><\/div><\/div><\/div><div id=\"pg-1157-3\"  class=\"panel-grid panel-no-style\" ><div id=\"pgc-1157-3-0\"  class=\"panel-grid-cell\" ><div id=\"panel-1157-3-0-0\" class=\"so-panel widget widget_sow-headline panel-first-child panel-last-child\" data-index=\"4\" ><div\n\t\t\t\n\t\t\tclass=\"so-widget-sow-headline so-widget-sow-headline-default-eb58c90b4a68-1157\"\n\t\t\t\n\t\t><div class=\"sow-headline-container \">\n\t<h2 class='sow-headline'>Bandoneon-Vereine<\/h2>\t\t\t\t\t<div class=\"decoration\">\n\t\t\t\t\t\t<div class=\"decoration-inside\"><\/div>\n\t\t\t\t\t<\/div>\n\t\t\t\t\t<\/div><\/div><\/div><\/div><\/div><div id=\"pg-1157-4\"  class=\"panel-grid panel-no-style\" ><div id=\"pgc-1157-4-0\"  class=\"panel-grid-cell\" ><div id=\"panel-1157-4-0-0\" class=\"so-panel widget widget_sow-image panel-first-child panel-last-child\" data-index=\"5\" ><div\n\t\t\t\n\t\t\tclass=\"so-widget-sow-image so-widget-sow-image-default-d6014b76747a-1157\"\n\t\t\t\n\t\t>\n\n<div class=\"sow-image-container\">\n\t\t\t<a href=\"https:\/\/harmonicalibrary.de\/bandoneon\/?page_id=1741\"\n\t\t\t\t\t>\n\t\t\t<img src=\"https:\/\/harmonicalibrary.de\/bandoneon\/wp-content\/uploads\/2017\/06\/16maikonzertbandonionverein2016-300x200.jpg\" width=\"300\" height=\"200\" srcset=\"https:\/\/harmonicalibrary.de\/bandoneon\/wp-content\/uploads\/2017\/06\/16maikonzertbandonionverein2016-300x200.jpg 300w, https:\/\/harmonicalibrary.de\/bandoneon\/wp-content\/uploads\/2017\/06\/16maikonzertbandonionverein2016-768x512.jpg 768w, https:\/\/harmonicalibrary.de\/bandoneon\/wp-content\/uploads\/2017\/06\/16maikonzertbandonionverein2016-1024x683.jpg 1024w, https:\/\/harmonicalibrary.de\/bandoneon\/wp-content\/uploads\/2017\/06\/16maikonzertbandonionverein2016-405x270.jpg 405w, https:\/\/harmonicalibrary.de\/bandoneon\/wp-content\/uploads\/2017\/06\/16maikonzertbandonionverein2016-272x182.jpg 272w, https:\/\/harmonicalibrary.de\/bandoneon\/wp-content\/uploads\/2017\/06\/16maikonzertbandonionverein2016.jpg 1100w\" sizes=\"(max-width: 300px) 100vw, 300px\" title=\"16+maikonzert+bandonionverein+2016\" alt=\"\" loading=\"lazy\" \t\tclass=\"so-widget-image\"\/>\n\t<\/a><\/div>\n\n<\/div><\/div><\/div><div id=\"pgc-1157-4-1\"  class=\"panel-grid-cell\" ><div id=\"panel-1157-4-1-0\" class=\"so-panel widget widget_sow-editor panel-first-child panel-last-child\" data-index=\"6\" ><div\n\t\t\t\n\t\t\tclass=\"so-widget-sow-editor so-widget-sow-editor-base\"\n\t\t\t\n\t\t>\n<div class=\"siteorigin-widget-tinymce textwidget\">\n\t<p>Vor dem zweiten Weltkrieg gab es in Deutschland mehr Mitglieder in Bandonion-Vereinen als in Fussballvereinen. Alleine in und um Leipzig gab es 44 Vereine, in denen Bandonion und Concertina gespielt wurde.<\/p>\n<p>Davon sind heute nur noch wenige Verein \u00fcbrig. Wenn Sie Interesse an volkst\u00fcmlicher aber auch internationaler Musik haben, nach Gleichgesinnten suchen und in der N\u00e4he eines Bandoneon-Vereins wohnen, sollten Sie Kontakt aufnehmen.\u00a0<\/p>\n<p><a href=\"https:\/\/harmonicalibrary.de\/bandoneon\/?page_id=1741\">Weiter...<\/a><\/p>\n<\/div>\n<\/div><\/div><\/div><\/div><div id=\"pg-1157-5\"  class=\"panel-grid panel-no-style\" ><div id=\"pgc-1157-5-0\"  class=\"panel-grid-cell\" ><div id=\"panel-1157-5-0-0\" class=\"so-panel widget widget_sow-headline panel-first-child panel-last-child\" data-index=\"7\" ><div\n\t\t\t\n\t\t\tclass=\"so-widget-sow-headline so-widget-sow-headline-default-eb58c90b4a68-1157\"\n\t\t\t\n\t\t><div class=\"sow-headline-container \">\n\t<h2 class='sow-headline'>Lehrerinnen, Lehrer und Ausbildungsst\u00e4tten<\/h2>\t\t\t\t\t<div class=\"decoration\">\n\t\t\t\t\t\t<div class=\"decoration-inside\"><\/div>\n\t\t\t\t\t<\/div>\n\t\t\t\t\t<\/div><\/div><\/div><\/div><\/div><div id=\"pg-1157-6\"  class=\"panel-grid panel-no-style\" ><div id=\"pgc-1157-6-0\"  class=\"panel-grid-cell\" ><div id=\"panel-1157-6-0-0\" class=\"so-panel widget widget_sow-editor panel-first-child panel-last-child\" data-index=\"8\" ><div\n\t\t\t\n\t\t\tclass=\"so-widget-sow-editor so-widget-sow-editor-base\"\n\t\t\t\n\t\t>\n<div class=\"siteorigin-widget-tinymce textwidget\">\n\t<p>Ein Problem f\u00fcr jeden, der Bandoneon lernen will, ist das Fehlen einer fl\u00e4chendeckenden Ausbildung, wie sie z.B. f\u00fcr das Klavier oder auch das Akkordeon gegeben ist. Man kann nicht einfach zur n\u00e4chsten Musikschule gehen und nach Unterricht f\u00fcr das Bandoneon fragen. Die moderne Technik macht aber mittlerweile z.B. Fernunterricht per Skype m\u00f6glich. Wenn Sie aber den pers\u00f6nlichen Kontakt bevorzugen, schauen Sie einmal in unsere Liste. Vielleicht ist ja eine Lehrerin oder ein Lehrer ganz aus Ihrer N\u00e4he dabei.<\/p>\n<p><a href=\"https:\/\/harmonicalibrary.de\/bandoneon\/?page_id=2437\">Weiter...<\/a><\/p>\n<\/div>\n<\/div><\/div><\/div><div id=\"pgc-1157-6-1\"  class=\"panel-grid-cell\" ><div id=\"panel-1157-6-1-0\" class=\"so-panel widget widget_sow-image panel-first-child panel-last-child\" data-index=\"9\" ><div\n\t\t\t\n\t\t\tclass=\"so-widget-sow-image so-widget-sow-image-default-d6014b76747a-1157\"\n\t\t\t\n\t\t>\n\n<div class=\"sow-image-container\">\n\t\t\t<a href=\"https:\/\/harmonicalibrary.de\/bandoneon\/?page_id=2437\"\n\t\t\t\t\t>\n\t\t\t<img src=\"https:\/\/harmonicalibrary.de\/bandoneon\/wp-content\/uploads\/2017\/06\/IMG_7050-300x225.jpg\" width=\"300\" height=\"225\" srcset=\"https:\/\/harmonicalibrary.de\/bandoneon\/wp-content\/uploads\/2017\/06\/IMG_7050-300x225.jpg 300w, https:\/\/harmonicalibrary.de\/bandoneon\/wp-content\/uploads\/2017\/06\/IMG_7050-768x576.jpg 768w, https:\/\/harmonicalibrary.de\/bandoneon\/wp-content\/uploads\/2017\/06\/IMG_7050-1024x768.jpg 1024w, https:\/\/harmonicalibrary.de\/bandoneon\/wp-content\/uploads\/2017\/06\/IMG_7050-360x270.jpg 360w\" sizes=\"(max-width: 300px) 100vw, 300px\" alt=\"\" loading=\"lazy\" \t\tclass=\"so-widget-image\"\/>\n\t<\/a><\/div>\n\n<\/div><\/div><\/div><\/div><div id=\"pg-1157-7\"  class=\"panel-grid panel-no-style\" ><div id=\"pgc-1157-7-0\"  class=\"panel-grid-cell\" ><div id=\"panel-1157-7-0-0\" class=\"so-panel widget widget_sow-headline panel-first-child panel-last-child\" data-index=\"10\" ><div\n\t\t\t\n\t\t\tclass=\"so-widget-sow-headline so-widget-sow-headline-default-eb58c90b4a68-1157\"\n\t\t\t\n\t\t><div class=\"sow-headline-container \">\n\t<h2 class='sow-headline'>Hersteller und Reparaturwerkst\u00e4tten<\/h2>\t\t\t\t\t<div class=\"decoration\">\n\t\t\t\t\t\t<div class=\"decoration-inside\"><\/div>\n\t\t\t\t\t<\/div>\n\t\t\t\t\t<\/div><\/div><\/div><\/div><\/div><div id=\"pg-1157-8\"  class=\"panel-grid panel-no-style\" ><div id=\"pgc-1157-8-0\"  class=\"panel-grid-cell\" ><div id=\"panel-1157-8-0-0\" class=\"so-panel widget widget_sow-image panel-first-child panel-last-child\" data-index=\"11\" ><div\n\t\t\t\n\t\t\tclass=\"so-widget-sow-image so-widget-sow-image-default-d6014b76747a-1157\"\n\t\t\t\n\t\t>\n\n<div class=\"sow-image-container\">\n\t\t\t<a href=\"https:\/\/harmonicalibrary.de\/bandoneon\/?page_id=1783\"\n\t\t\t\t\t>\n\t\t\t<img src=\"https:\/\/harmonicalibrary.de\/bandoneon\/wp-content\/uploads\/2018\/08\/IMG_7842-300x210.jpg\" width=\"300\" height=\"210\" srcset=\"https:\/\/harmonicalibrary.de\/bandoneon\/wp-content\/uploads\/2018\/08\/IMG_7842-300x210.jpg 300w, https:\/\/harmonicalibrary.de\/bandoneon\/wp-content\/uploads\/2018\/08\/IMG_7842-768x538.jpg 768w, https:\/\/harmonicalibrary.de\/bandoneon\/wp-content\/uploads\/2018\/08\/IMG_7842-1024x717.jpg 1024w, https:\/\/harmonicalibrary.de\/bandoneon\/wp-content\/uploads\/2018\/08\/IMG_7842-385x270.jpg 385w\" sizes=\"(max-width: 300px) 100vw, 300px\" alt=\"\" loading=\"lazy\" \t\tclass=\"so-widget-image\"\/>\n\t<\/a><\/div>\n\n<\/div><\/div><\/div><div id=\"pgc-1157-8-1\"  class=\"panel-grid-cell\" ><div id=\"panel-1157-8-1-0\" class=\"so-panel widget widget_sow-editor panel-first-child panel-last-child\" data-index=\"12\" ><div\n\t\t\t\n\t\t\tclass=\"so-widget-sow-editor so-widget-sow-editor-base\"\n\t\t\t\n\t\t>\n<div class=\"siteorigin-widget-tinymce textwidget\">\n\t<p>Nachdem jahrelang keine Bandoneons mehr produziert wurden, begannen Ende des 20. Jahrhunderts wieder einzelne Hersteller, Bandoneons zu bauen. Vieles an Wissen der gro\u00dfen Firmen wie Alfred Arnold und Ernst Louis Arnold ist mittlerweile verloren gegangen und so mussten sich die neuen Produzenten dieses Wissen erst wieder erarbeiten. Die heutigen Instrumente kommen aber schon wieder an den Klang der alten Instrumente heran.<\/p>\n<p><a href=\"https:\/\/harmonicalibrary.de\/bandoneon\/?page_id=1783\">Weiter...<\/a><\/p>\n<\/div>\n<\/div><\/div><\/div><\/div><div id=\"pg-1157-9\"  class=\"panel-grid panel-no-style\" ><div id=\"pgc-1157-9-0\"  class=\"panel-grid-cell\" ><div id=\"panel-1157-9-0-0\" class=\"so-panel widget widget_sow-headline panel-first-child panel-last-child\" data-index=\"13\" ><div\n\t\t\t\n\t\t\tclass=\"so-widget-sow-headline so-widget-sow-headline-default-eb58c90b4a68-1157\"\n\t\t\t\n\t\t><div class=\"sow-headline-container \">\n\t<h2 class='sow-headline'>Weiterf\u00fchrende Links<\/h2>\t\t\t\t\t<div class=\"decoration\">\n\t\t\t\t\t\t<div class=\"decoration-inside\"><\/div>\n\t\t\t\t\t<\/div>\n\t\t\t\t\t<\/div><\/div><\/div><\/div><\/div><div id=\"pg-1157-10\"  class=\"panel-grid panel-no-style\" ><div id=\"pgc-1157-10-0\"  class=\"panel-grid-cell\" ><div id=\"panel-1157-10-0-0\" class=\"so-panel widget widget_sow-editor panel-first-child panel-last-child\" data-index=\"14\" ><div\n\t\t\t\n\t\t\tclass=\"so-widget-sow-editor so-widget-sow-editor-base\"\n\t\t\t\n\t\t>\n<div class=\"siteorigin-widget-tinymce textwidget\">\n\t<p>Wenn man sich mit dem Bandoneon besch\u00e4ftigt, wird man schnell merken, dass es sehr viele Informationen dazu gibt. Was bisher noch keinen Platz auf dieser Webseite gefunden hat, wird in diesem Abschnitt gesammelt.<\/p>\n<p><a href=\"https:\/\/harmonicalibrary.de\/bandoneon\/?page_id=1778\">Weiter...<\/a><\/p>\n<\/div>\n<\/div><\/div><\/div><div id=\"pgc-1157-10-1\"  class=\"panel-grid-cell\" ><div id=\"panel-1157-10-1-0\" class=\"so-panel widget widget_sow-image panel-first-child panel-last-child\" data-index=\"15\" ><div\n\t\t\t\n\t\t\tclass=\"so-widget-sow-image so-widget-sow-image-default-d6014b76747a-1157\"\n\t\t\t\n\t\t>\n\n<div class=\"sow-image-container\">\n\t\t\t<a href=\"https:\/\/harmonicalibrary.de\/bandoneon\/?page_id=1778\"\n\t\t\t\t\t>\n\t\t\t<img src=\"https:\/\/harmonicalibrary.de\/bandoneon\/wp-content\/uploads\/2017\/06\/Bandoneon_diskant_klein-300x226.png\" width=\"300\" height=\"226\" srcset=\"https:\/\/harmonicalibrary.de\/bandoneon\/wp-content\/uploads\/2017\/06\/Bandoneon_diskant_klein-300x226.png 300w, https:\/\/harmonicalibrary.de\/bandoneon\/wp-content\/uploads\/2017\/06\/Bandoneon_diskant_klein-768x578.png 768w, https:\/\/harmonicalibrary.de\/bandoneon\/wp-content\/uploads\/2017\/06\/Bandoneon_diskant_klein.png 1024w, https:\/\/harmonicalibrary.de\/bandoneon\/wp-content\/uploads\/2017\/06\/Bandoneon_diskant_klein-359x270.png 359w\" sizes=\"(max-width: 300px) 100vw, 300px\" alt=\"\" loading=\"lazy\" \t\tclass=\"so-widget-image\"\/>\n\t<\/a><\/div>\n\n<\/div><\/div><\/div><\/div><\/div>","protected":false},"excerpt":{"rendered":"<p>Hier finden Sie weitere gesammelte Informationen zum Thema Bandoneon: Schulen Bandoneon-Vereine Lehrerinnen, Lehrer und Ausbildungsst\u00e4tten Hersteller und Reparaturwerkst\u00e4tten Weiterf\u00fchrende Links<\/p>\n","protected":false},"author":2,"featured_media":0,"parent":5,"menu_order":4,"comment_status":"closed","ping_status":"closed","template":"","meta":[],"aioseo_notices":[],"_links":{"self":[{"href":"https:\/\/harmonicalibrary.de\/bandoneon\/index.php?rest_route=\/wp\/v2\/pages\/1157"}],"collection":[{"href":"https:\/\/harmonicalibrary.de\/bandoneon\/index.php?rest_route=\/wp\/v2\/pages"}],"about":[{"href":"https:\/\/harmonicalibrary.de\/bandoneon\/index.php?rest_route=\/wp\/v2\/types\/page"}],"author":[{"embeddable":true,"href":"https:\/\/harmonicalibrary.de\/bandoneon\/index.php?rest_route=\/wp\/v2\/users\/2"}],"replies":[{"embeddable":true,"href":"https:\/\/harmonicalibrary.de\/bandoneon\/index.php?rest_route=%2Fwp%2Fv2%2Fcomments&post=1157"}],"version-history":[{"count":42,"href":"https:\/\/harmonicalibrary.de\/bandoneon\/index.php?rest_route=\/wp\/v2\/pages\/1157\/revisions"}],"predecessor-version":[{"id":2442,"href":"https:\/\/harmonicalibrary.de\/bandoneon\/index.php?rest_route=\/wp\/v2\/pages\/1157\/revisions\/2442"}],"up":[{"embeddable":true,"href":"https:\/\/harmonicalibrary.de\/bandoneon\/index.php?rest_route=\/wp\/v2\/pages\/5"}],"wp:attachment":[{"href":"https:\/\/harmonicalibrary.de\/bandoneon\/index.php?rest_route=%2Fwp%2Fv2%2Fmedia&parent=1157"}],"curies":[{"name":"wp","href":"https:\/\/api.w.org\/{rel}","templated":true}]}}